{"id":106954,"date":"2020-11-03T18:14:01","date_gmt":"2020-11-03T18:14:01","guid":{"rendered":"https:\/\/www.dirtyoldempire.com\/proizvod\/fantastic-beasts-the-crimes-of-grindelwald-poster\/"},"modified":"2024-07-31T09:19:46","modified_gmt":"2024-07-31T07:19:46","slug":"fantastic-beasts-the-crimes-of-grindelwald-poster","status":"publish","type":"product","link":"https:\/\/www.dirtyoldempire.com\/en\/product\/fantastic-beasts-the-crimes-of-grindelwald-poster\/","title":{"rendered":"Fantastic Beasts: The Crimes of Grindelwald POSTER"},"content":{"rendered":"","protected":false},"excerpt":{"rendered":"<p>Postere nije mogu\u0107e naru\u010divati u kombinaciji s drugim artiklima. Ukoliko naru\u010dite poster i npr. &scaron;alicu, morat \u0107emo vam naplatiti 2 razli\u010dite po&scaron;tarine obzirom da poster nije mogu\u0107e poslati u kombinaciji s drugim artiklima.<\/p>\n<p>Postere je mogu\u0107e kupiti u du\u0107anu uz prethodnu najavu na shop@dirtyoldempire.com.<\/p>\n<p>&#8211; veli\u010dina cca 60cm x 80cm<\/p>\n<p>&#8211; stanje: near mint<\/p>\n","protected":false},"featured_media":106955,"template":"","meta":{"_acf_changed":false},"product_brand":[],"product_cat":[606,690],"product_tag":[],"class_list":{"0":"post-106954","1":"product","2":"type-product","3":"status-publish","4":"has-post-thumbnail","6":"product_cat-razno-en","7":"product_cat-posters-en","8":"pa_is-featured-1-en","9":"pa_product-page-type-custom-en","11":"first","12":"instock","13":"purchasable","14":"product-type-simple"},"acf":[],"_links":{"self":[{"href":"https:\/\/www.dirtyoldempire.com\/en\/wp-json\/wp\/v2\/product\/106954","targetHints":{"allow":["GET"]}}],"collection":[{"href":"https:\/\/www.dirtyoldempire.com\/en\/wp-json\/wp\/v2\/product"}],"about":[{"href":"https:\/\/www.dirtyoldempire.com\/en\/wp-json\/wp\/v2\/types\/product"}],"wp:featuredmedia":[{"embeddable":true,"href":"https:\/\/www.dirtyoldempire.com\/en\/wp-json\/wp\/v2\/media\/106955"}],"wp:attachment":[{"href":"https:\/\/www.dirtyoldempire.com\/en\/wp-json\/wp\/v2\/media?parent=106954"}],"wp:term":[{"taxonomy":"product_brand","embeddable":true,"href":"https:\/\/www.dirtyoldempire.com\/en\/wp-json\/wp\/v2\/product_brand?post=106954"},{"taxonomy":"product_cat","embeddable":true,"href":"https:\/\/www.dirtyoldempire.com\/en\/wp-json\/wp\/v2\/product_cat?post=106954"},{"taxonomy":"product_tag","embeddable":true,"href":"https:\/\/www.dirtyoldempire.com\/en\/wp-json\/wp\/v2\/product_tag?post=106954"}],"curies":[{"name":"wp","href":"https:\/\/api.w.org\/{rel}","templated":true}]}}