{"id":109976,"date":"2020-03-17T11:21:47","date_gmt":"2020-03-17T11:21:47","guid":{"rendered":"https:\/\/www.dirtyoldempire.com\/?post_type=product&#038;p=109976"},"modified":"2024-07-18T16:20:03","modified_gmt":"2024-07-18T14:20:03","slug":"frank-zappa-rotterdam-1970-poster","status":"publish","type":"product","link":"https:\/\/www.dirtyoldempire.com\/en\/product\/frank-zappa-rotterdam-1970-poster\/","title":{"rendered":"FRANK ZAPPA Rotterdam 1970 POSTER"},"content":{"rendered":"","protected":false},"excerpt":{"rendered":"<p>Postere nije mogu\u0107e naru\u010divati u kombinaciji s drugim artiklima. Ukoliko naru\u010dite poster i npr. &scaron;alicu, morat \u0107emo vam naplatiti 2 razli\u010dite po&scaron;tarine obzirom da poster nije mogu\u0107e poslati u kombinaciji s drugim artiklima.<\/p>\n<p>&#8211; veli\u010dina cca 60cm x 80cm<\/p>\n","protected":false},"featured_media":109977,"template":"","meta":{"_acf_changed":false},"product_brand":[],"product_cat":[606,690],"product_tag":[],"class_list":{"0":"post-109976","1":"product","2":"type-product","3":"status-publish","4":"has-post-thumbnail","6":"product_cat-razno-en","7":"product_cat-posters-en","8":"pa_is-featured-1-en","9":"pa_product-page-type-custom-en","11":"first","12":"instock","13":"purchasable","14":"product-type-simple"},"acf":[],"_links":{"self":[{"href":"https:\/\/www.dirtyoldempire.com\/en\/wp-json\/wp\/v2\/product\/109976","targetHints":{"allow":["GET"]}}],"collection":[{"href":"https:\/\/www.dirtyoldempire.com\/en\/wp-json\/wp\/v2\/product"}],"about":[{"href":"https:\/\/www.dirtyoldempire.com\/en\/wp-json\/wp\/v2\/types\/product"}],"wp:featuredmedia":[{"embeddable":true,"href":"https:\/\/www.dirtyoldempire.com\/en\/wp-json\/wp\/v2\/media\/109977"}],"wp:attachment":[{"href":"https:\/\/www.dirtyoldempire.com\/en\/wp-json\/wp\/v2\/media?parent=109976"}],"wp:term":[{"taxonomy":"product_brand","embeddable":true,"href":"https:\/\/www.dirtyoldempire.com\/en\/wp-json\/wp\/v2\/product_brand?post=109976"},{"taxonomy":"product_cat","embeddable":true,"href":"https:\/\/www.dirtyoldempire.com\/en\/wp-json\/wp\/v2\/product_cat?post=109976"},{"taxonomy":"product_tag","embeddable":true,"href":"https:\/\/www.dirtyoldempire.com\/en\/wp-json\/wp\/v2\/product_tag?post=109976"}],"curies":[{"name":"wp","href":"https:\/\/api.w.org\/{rel}","templated":true}]}}