{"id":116929,"date":"2019-01-23T11:25:06","date_gmt":"2019-01-23T11:25:06","guid":{"rendered":"https:\/\/www.dirtyoldempire.com\/proizvod\/rock-star-baby-plasticna-bocica-250ml-zebra\/"},"modified":"2019-01-23T11:25:06","modified_gmt":"2019-01-23T11:25:06","slug":"rock-star-baby-plasticna-bocica-250ml-zebra","status":"publish","type":"product","link":"https:\/\/www.dirtyoldempire.com\/en\/product\/rock-star-baby-plasticna-bocica-250ml-zebra\/","title":{"rendered":"ROCK STAR BABY Plasti\u010dna bo\u010dica 250ml &#8211; Zebra"},"content":{"rendered":"<p>Rock Star Baby kolekcija je s potpisom Tico Torresa, bubnjara grupe Bon Jovi. Odu&scaron;evljava svojim Rock detaljima.<\/p>\n<p>Rock Star Baby plasti\u010dna bo\u010dica s uzorkom Zebra. Kvalitetni materijali bo\u010dice, kapaciteta 250 ml, bez BPA.<\/p>\n","protected":false},"excerpt":{"rendered":"<p>&#8211; veli\u010dina 250ml<\/p>\n","protected":false},"featured_media":116930,"template":"","meta":{"_acf_changed":false},"product_brand":[],"product_cat":[717,606],"product_tag":[],"class_list":{"0":"post-116929","1":"product","2":"type-product","3":"status-publish","4":"has-post-thumbnail","6":"product_cat-oprema-za-bebe-en","7":"product_cat-razno-en","8":"pa_product-page-type-custom-en","10":"first","11":"instock","12":"purchasable","13":"product-type-simple"},"acf":[],"_links":{"self":[{"href":"https:\/\/www.dirtyoldempire.com\/en\/wp-json\/wp\/v2\/product\/116929","targetHints":{"allow":["GET"]}}],"collection":[{"href":"https:\/\/www.dirtyoldempire.com\/en\/wp-json\/wp\/v2\/product"}],"about":[{"href":"https:\/\/www.dirtyoldempire.com\/en\/wp-json\/wp\/v2\/types\/product"}],"wp:featuredmedia":[{"embeddable":true,"href":"https:\/\/www.dirtyoldempire.com\/en\/wp-json\/wp\/v2\/media\/116930"}],"wp:attachment":[{"href":"https:\/\/www.dirtyoldempire.com\/en\/wp-json\/wp\/v2\/media?parent=116929"}],"wp:term":[{"taxonomy":"product_brand","embeddable":true,"href":"https:\/\/www.dirtyoldempire.com\/en\/wp-json\/wp\/v2\/product_brand?post=116929"},{"taxonomy":"product_cat","embeddable":true,"href":"https:\/\/www.dirtyoldempire.com\/en\/wp-json\/wp\/v2\/product_cat?post=116929"},{"taxonomy":"product_tag","embeddable":true,"href":"https:\/\/www.dirtyoldempire.com\/en\/wp-json\/wp\/v2\/product_tag?post=116929"}],"curies":[{"name":"wp","href":"https:\/\/api.w.org\/{rel}","templated":true}]}}