{"id":132132,"date":"2024-05-21T18:03:15","date_gmt":"2024-05-21T16:03:15","guid":{"rendered":"https:\/\/www.dirtyoldempire.com\/?post_type=product&#038;p=132132"},"modified":"2024-10-23T16:34:38","modified_gmt":"2024-10-23T14:34:38","slug":"gibonni-unca-fibre-vodic-za-brodolomce-i-andele-cuvare-cd","status":"publish","type":"product","link":"https:\/\/www.dirtyoldempire.com\/en\/product\/gibonni-unca-fibre-vodic-za-brodolomce-i-andele-cuvare-cd\/","title":{"rendered":"GIBONNI &#8211; Unca Fibre (Vodi\u010d Za Brodolomce I An\u0111ele \u010cuvare) CD"},"content":{"rendered":"","protected":false},"excerpt":{"rendered":"<p>Barcode: 3858885920756<br \/>\nLabel: Dallas Records<\/p>\n<p>CD, Album<\/p>\n","protected":false},"featured_media":132134,"template":"","meta":{"_acf_changed":false},"product_brand":[],"product_cat":[597,598],"product_tag":[],"class_list":{"0":"post-132132","1":"product","2":"type-product","3":"status-publish","4":"has-post-thumbnail","6":"product_cat-cd-dvd-en","7":"product_cat-cd-i-en","8":"pa_is-featured-1-en","9":"pa_product-page-type-custom-en","11":"first","12":"instock","13":"purchasable","14":"product-type-simple"},"acf":[],"_links":{"self":[{"href":"https:\/\/www.dirtyoldempire.com\/en\/wp-json\/wp\/v2\/product\/132132","targetHints":{"allow":["GET"]}}],"collection":[{"href":"https:\/\/www.dirtyoldempire.com\/en\/wp-json\/wp\/v2\/product"}],"about":[{"href":"https:\/\/www.dirtyoldempire.com\/en\/wp-json\/wp\/v2\/types\/product"}],"wp:featuredmedia":[{"embeddable":true,"href":"https:\/\/www.dirtyoldempire.com\/en\/wp-json\/wp\/v2\/media\/132134"}],"wp:attachment":[{"href":"https:\/\/www.dirtyoldempire.com\/en\/wp-json\/wp\/v2\/media?parent=132132"}],"wp:term":[{"taxonomy":"product_brand","embeddable":true,"href":"https:\/\/www.dirtyoldempire.com\/en\/wp-json\/wp\/v2\/product_brand?post=132132"},{"taxonomy":"product_cat","embeddable":true,"href":"https:\/\/www.dirtyoldempire.com\/en\/wp-json\/wp\/v2\/product_cat?post=132132"},{"taxonomy":"product_tag","embeddable":true,"href":"https:\/\/www.dirtyoldempire.com\/en\/wp-json\/wp\/v2\/product_tag?post=132132"}],"curies":[{"name":"wp","href":"https:\/\/api.w.org\/{rel}","templated":true}]}}