{"id":132983,"date":"2024-05-28T12:09:30","date_gmt":"2024-05-28T10:09:30","guid":{"rendered":"https:\/\/www.dirtyoldempire.com\/?post_type=product&#038;p=132983"},"modified":"2025-12-08T16:36:56","modified_gmt":"2025-12-08T15:36:56","slug":"oruzjem-protivu-otmicara-znas-ko-te-pozdravio-cd","status":"publish","type":"product","link":"https:\/\/www.dirtyoldempire.com\/en\/product\/oruzjem-protivu-otmicara-znas-ko-te-pozdravio-cd\/","title":{"rendered":"ORU\u017dJEM PROTIVU OTMI\u010cARA &#8211; Zna\u0161 Ko Te Pozdravio CD"},"content":{"rendered":"","protected":false},"excerpt":{"rendered":"<p>Barcode: 3856008318725<br \/>Label: Dancing Bear<\/p>\n<p>CD, Album<\/p>\n","protected":false},"featured_media":132985,"template":"","meta":{"_acf_changed":false},"product_brand":[],"product_cat":[597,598],"product_tag":[],"class_list":{"0":"post-132983","1":"product","2":"type-product","3":"status-publish","4":"has-post-thumbnail","6":"product_cat-cd-dvd-en","7":"product_cat-cd-i-en","8":"pa_is-featured-1-en","9":"pa_product-page-type-custom-en","11":"first","12":"instock","13":"purchasable","14":"product-type-simple"},"acf":[],"_links":{"self":[{"href":"https:\/\/www.dirtyoldempire.com\/en\/wp-json\/wp\/v2\/product\/132983","targetHints":{"allow":["GET"]}}],"collection":[{"href":"https:\/\/www.dirtyoldempire.com\/en\/wp-json\/wp\/v2\/product"}],"about":[{"href":"https:\/\/www.dirtyoldempire.com\/en\/wp-json\/wp\/v2\/types\/product"}],"wp:featuredmedia":[{"embeddable":true,"href":"https:\/\/www.dirtyoldempire.com\/en\/wp-json\/wp\/v2\/media\/132985"}],"wp:attachment":[{"href":"https:\/\/www.dirtyoldempire.com\/en\/wp-json\/wp\/v2\/media?parent=132983"}],"wp:term":[{"taxonomy":"product_brand","embeddable":true,"href":"https:\/\/www.dirtyoldempire.com\/en\/wp-json\/wp\/v2\/product_brand?post=132983"},{"taxonomy":"product_cat","embeddable":true,"href":"https:\/\/www.dirtyoldempire.com\/en\/wp-json\/wp\/v2\/product_cat?post=132983"},{"taxonomy":"product_tag","embeddable":true,"href":"https:\/\/www.dirtyoldempire.com\/en\/wp-json\/wp\/v2\/product_tag?post=132983"}],"curies":[{"name":"wp","href":"https:\/\/api.w.org\/{rel}","templated":true}]}}