{"id":135935,"date":"2024-07-19T15:21:28","date_gmt":"2024-07-19T13:21:28","guid":{"rendered":"https:\/\/www.dirtyoldempire.com\/?post_type=product&#038;p=135935"},"modified":"2024-07-19T15:22:13","modified_gmt":"2024-07-19T13:22:13","slug":"freddie-mercury-slane-castle-ireland-1996-poster","status":"publish","type":"product","link":"https:\/\/www.dirtyoldempire.com\/en\/product\/freddie-mercury-slane-castle-ireland-1996-poster\/","title":{"rendered":"FREDDIE MERCURY Slane Castle, Ireland, 1996. POSTER"},"content":{"rendered":"","protected":false},"excerpt":{"rendered":"<p>Postere nije mogu\u0107e naru\u010divati u kombinaciji s drugim artiklima. Ukoliko naru\u010dite poster i npr. &scaron;alicu, morat \u0107emo vam naplatiti 2 razli\u010dite po&scaron;tarine obzirom da poster nije mogu\u0107e poslati u kombinaciji s drugim artiklima.<\/p>\n<p>&#8211; veli\u010dina cca 60cm x 80cm<\/p>\n","protected":false},"featured_media":135937,"template":"","meta":{"_acf_changed":false},"product_brand":[],"product_cat":[606,690],"product_tag":[],"class_list":{"0":"post-135935","1":"product","2":"type-product","3":"status-publish","4":"has-post-thumbnail","6":"product_cat-razno-en","7":"product_cat-posters-en","8":"pa_is-featured-1-en","9":"pa_product-page-type-custom-en","11":"first","12":"instock","13":"purchasable","14":"product-type-simple"},"acf":[],"_links":{"self":[{"href":"https:\/\/www.dirtyoldempire.com\/en\/wp-json\/wp\/v2\/product\/135935","targetHints":{"allow":["GET"]}}],"collection":[{"href":"https:\/\/www.dirtyoldempire.com\/en\/wp-json\/wp\/v2\/product"}],"about":[{"href":"https:\/\/www.dirtyoldempire.com\/en\/wp-json\/wp\/v2\/types\/product"}],"wp:featuredmedia":[{"embeddable":true,"href":"https:\/\/www.dirtyoldempire.com\/en\/wp-json\/wp\/v2\/media\/135937"}],"wp:attachment":[{"href":"https:\/\/www.dirtyoldempire.com\/en\/wp-json\/wp\/v2\/media?parent=135935"}],"wp:term":[{"taxonomy":"product_brand","embeddable":true,"href":"https:\/\/www.dirtyoldempire.com\/en\/wp-json\/wp\/v2\/product_brand?post=135935"},{"taxonomy":"product_cat","embeddable":true,"href":"https:\/\/www.dirtyoldempire.com\/en\/wp-json\/wp\/v2\/product_cat?post=135935"},{"taxonomy":"product_tag","embeddable":true,"href":"https:\/\/www.dirtyoldempire.com\/en\/wp-json\/wp\/v2\/product_tag?post=135935"}],"curies":[{"name":"wp","href":"https:\/\/api.w.org\/{rel}","templated":true}]}}