{"id":140865,"date":"2024-10-09T15:41:16","date_gmt":"2024-10-09T13:41:16","guid":{"rendered":"https:\/\/www.dirtyoldempire.com\/?post_type=product&#038;p=140865"},"modified":"2024-10-09T15:42:21","modified_gmt":"2024-10-09T13:42:21","slug":"elektricni-orgazam-zivo-i-akusticno-cd","status":"publish","type":"product","link":"https:\/\/www.dirtyoldempire.com\/en\/product\/elektricni-orgazam-zivo-i-akusticno-cd\/","title":{"rendered":"ELEKTRI\u010cNI ORGAZAM &#8211; \u017divo I Akusti\u010dno CD"},"content":{"rendered":"","protected":false},"excerpt":{"rendered":"<p>Barcode: 8606018794669<br \/>Label: Mascom Records<\/p>\n<p>CD, Album, Reissue<\/p>\n","protected":false},"featured_media":140867,"template":"","meta":{"_acf_changed":false},"product_brand":[],"product_cat":[597,598],"product_tag":[],"class_list":{"0":"post-140865","1":"product","2":"type-product","3":"status-publish","4":"has-post-thumbnail","6":"product_cat-cd-dvd-en","7":"product_cat-cd-i-en","8":"pa_is-featured-1-en","9":"pa_product-page-type-custom-en","11":"first","12":"instock","13":"purchasable","14":"product-type-simple"},"acf":[],"_links":{"self":[{"href":"https:\/\/www.dirtyoldempire.com\/en\/wp-json\/wp\/v2\/product\/140865","targetHints":{"allow":["GET"]}}],"collection":[{"href":"https:\/\/www.dirtyoldempire.com\/en\/wp-json\/wp\/v2\/product"}],"about":[{"href":"https:\/\/www.dirtyoldempire.com\/en\/wp-json\/wp\/v2\/types\/product"}],"wp:featuredmedia":[{"embeddable":true,"href":"https:\/\/www.dirtyoldempire.com\/en\/wp-json\/wp\/v2\/media\/140867"}],"wp:attachment":[{"href":"https:\/\/www.dirtyoldempire.com\/en\/wp-json\/wp\/v2\/media?parent=140865"}],"wp:term":[{"taxonomy":"product_brand","embeddable":true,"href":"https:\/\/www.dirtyoldempire.com\/en\/wp-json\/wp\/v2\/product_brand?post=140865"},{"taxonomy":"product_cat","embeddable":true,"href":"https:\/\/www.dirtyoldempire.com\/en\/wp-json\/wp\/v2\/product_cat?post=140865"},{"taxonomy":"product_tag","embeddable":true,"href":"https:\/\/www.dirtyoldempire.com\/en\/wp-json\/wp\/v2\/product_tag?post=140865"}],"curies":[{"name":"wp","href":"https:\/\/api.w.org\/{rel}","templated":true}]}}