{"id":159349,"date":"2025-04-07T14:48:43","date_gmt":"2025-04-07T12:48:43","guid":{"rendered":"https:\/\/www.dirtyoldempire.com\/proizvod\/set-za-ciscenje-ploca-150ml-20-x-20-cm\/"},"modified":"2026-03-18T12:45:55","modified_gmt":"2026-03-18T11:45:55","slug":"set-za-ciscenje-ploca-150ml-20-x-20-cm","status":"publish","type":"product","link":"https:\/\/www.dirtyoldempire.com\/en\/product\/set-za-ciscenje-ploca-150ml-20-x-20-cm\/","title":{"rendered":"AUDIO ANATOMY Set za \u010di\u0161\u0107enje vinila"},"content":{"rendered":"<p>Highly efficient and easy to use wet- and dry cleaning \/\/ Practical and stylish packaging \/\/ 20 x 20 cm high quality microfibre cloth \/\/ Cleaning liquid (150 ml) and microfibre cloth can be used separately \/\/ microfibre cloth machine-washable<\/p>\n","protected":false},"excerpt":{"rendered":"<p>Barcode: 5906660083221<\/p>\n<p>&nbsp;<\/p>\n<p>20x20cm high quality microfibre cloth (machine washable), cleaning liquid 150ml<\/p>\n","protected":false},"featured_media":154394,"template":"","meta":{"_acf_changed":false},"product_brand":[],"product_cat":[674,595],"product_tag":[],"class_list":{"0":"post-159349","1":"product","2":"type-product","3":"status-publish","4":"has-post-thumbnail","6":"product_cat-pribor-accessories-en","7":"product_cat-vinyl-2-en","8":"pa_is-featured-1-en","9":"pa_product-page-type-custom-en","11":"first","12":"instock","13":"purchasable","14":"product-type-simple"},"acf":[],"_links":{"self":[{"href":"https:\/\/www.dirtyoldempire.com\/en\/wp-json\/wp\/v2\/product\/159349","targetHints":{"allow":["GET"]}}],"collection":[{"href":"https:\/\/www.dirtyoldempire.com\/en\/wp-json\/wp\/v2\/product"}],"about":[{"href":"https:\/\/www.dirtyoldempire.com\/en\/wp-json\/wp\/v2\/types\/product"}],"wp:featuredmedia":[{"embeddable":true,"href":"https:\/\/www.dirtyoldempire.com\/en\/wp-json\/wp\/v2\/media\/154394"}],"wp:attachment":[{"href":"https:\/\/www.dirtyoldempire.com\/en\/wp-json\/wp\/v2\/media?parent=159349"}],"wp:term":[{"taxonomy":"product_brand","embeddable":true,"href":"https:\/\/www.dirtyoldempire.com\/en\/wp-json\/wp\/v2\/product_brand?post=159349"},{"taxonomy":"product_cat","embeddable":true,"href":"https:\/\/www.dirtyoldempire.com\/en\/wp-json\/wp\/v2\/product_cat?post=159349"},{"taxonomy":"product_tag","embeddable":true,"href":"https:\/\/www.dirtyoldempire.com\/en\/wp-json\/wp\/v2\/product_tag?post=159349"}],"curies":[{"name":"wp","href":"https:\/\/api.w.org\/{rel}","templated":true}]}}