{"id":159401,"date":"2025-04-02T17:12:05","date_gmt":"2025-04-02T15:12:05","guid":{"rendered":"https:\/\/www.dirtyoldempire.com\/?post_type=product&#038;p=159401"},"modified":"2026-03-17T10:56:42","modified_gmt":"2026-03-17T09:56:42","slug":"riblja-corba-veceras-vas-zabavljaju-muzicari-koji-piju-cd","status":"publish","type":"product","link":"https:\/\/www.dirtyoldempire.com\/en\/product\/riblja-corba-veceras-vas-zabavljaju-muzicari-koji-piju-cd\/","title":{"rendered":"RIBLJA \u010cORBA &#8211; Ve\u010deras Vas Zabavljaju Muzi\u010dari Koji Piju CD"},"content":{"rendered":"","protected":false},"excerpt":{"rendered":"<p>Label: Croatia Records<br \/>\nBarcode: 3850126140442<\/p>\n<p>CD<\/p>\n","protected":false},"featured_media":154212,"template":"","meta":{"_acf_changed":false},"product_brand":[],"product_cat":[597,598],"product_tag":[],"class_list":{"0":"post-159401","1":"product","2":"type-product","3":"status-publish","4":"has-post-thumbnail","6":"product_cat-cd-dvd-en","7":"product_cat-cd-i-en","8":"pa_is-featured-1-en","9":"pa_product-page-type-custom-en","11":"first","12":"instock","13":"purchasable","14":"product-type-simple"},"acf":[],"_links":{"self":[{"href":"https:\/\/www.dirtyoldempire.com\/en\/wp-json\/wp\/v2\/product\/159401","targetHints":{"allow":["GET"]}}],"collection":[{"href":"https:\/\/www.dirtyoldempire.com\/en\/wp-json\/wp\/v2\/product"}],"about":[{"href":"https:\/\/www.dirtyoldempire.com\/en\/wp-json\/wp\/v2\/types\/product"}],"wp:featuredmedia":[{"embeddable":true,"href":"https:\/\/www.dirtyoldempire.com\/en\/wp-json\/wp\/v2\/media\/154212"}],"wp:attachment":[{"href":"https:\/\/www.dirtyoldempire.com\/en\/wp-json\/wp\/v2\/media?parent=159401"}],"wp:term":[{"taxonomy":"product_brand","embeddable":true,"href":"https:\/\/www.dirtyoldempire.com\/en\/wp-json\/wp\/v2\/product_brand?post=159401"},{"taxonomy":"product_cat","embeddable":true,"href":"https:\/\/www.dirtyoldempire.com\/en\/wp-json\/wp\/v2\/product_cat?post=159401"},{"taxonomy":"product_tag","embeddable":true,"href":"https:\/\/www.dirtyoldempire.com\/en\/wp-json\/wp\/v2\/product_tag?post=159401"}],"curies":[{"name":"wp","href":"https:\/\/api.w.org\/{rel}","templated":true}]}}