{"id":159411,"date":"2025-04-01T12:36:35","date_gmt":"2025-04-01T10:36:35","guid":{"rendered":"https:\/\/www.dirtyoldempire.com\/proizvod\/obojeni-program-uzivo-dom-omladine-beograda-vol-2-lp\/"},"modified":"2025-04-01T12:36:35","modified_gmt":"2025-04-01T10:36:35","slug":"obojeni-program-uzivo-dom-omladine-beograda-vol-2-lp","status":"publish","type":"product","link":"https:\/\/www.dirtyoldempire.com\/en\/product\/obojeni-program-uzivo-dom-omladine-beograda-vol-2-lp\/","title":{"rendered":"OBOJENI PROGRAM &#8211; U\u017eivo: Dom Omladine Beograda Vol. 2 LP"},"content":{"rendered":"","protected":false},"excerpt":{"rendered":"<p>Label: Odli\u010dan Hr\u010dak<br \/>\nBarcode: 9788686451972<\/p>\n<p>Vinyl, LP<\/p>\n","protected":false},"featured_media":154167,"template":"","meta":{"_acf_changed":false},"product_brand":[],"product_cat":[593,595,594],"product_tag":[],"class_list":{"0":"post-159411","1":"product","2":"type-product","3":"status-publish","4":"has-post-thumbnail","6":"product_cat-lp-en","7":"product_cat-vinyl-2-en","8":"product_cat-vinil-en","9":"pa_is-featured-1-en","10":"pa_product-page-type-custom-en","12":"first","13":"instock","14":"purchasable","15":"product-type-simple"},"acf":[],"_links":{"self":[{"href":"https:\/\/www.dirtyoldempire.com\/en\/wp-json\/wp\/v2\/product\/159411","targetHints":{"allow":["GET"]}}],"collection":[{"href":"https:\/\/www.dirtyoldempire.com\/en\/wp-json\/wp\/v2\/product"}],"about":[{"href":"https:\/\/www.dirtyoldempire.com\/en\/wp-json\/wp\/v2\/types\/product"}],"wp:featuredmedia":[{"embeddable":true,"href":"https:\/\/www.dirtyoldempire.com\/en\/wp-json\/wp\/v2\/media\/154167"}],"wp:attachment":[{"href":"https:\/\/www.dirtyoldempire.com\/en\/wp-json\/wp\/v2\/media?parent=159411"}],"wp:term":[{"taxonomy":"product_brand","embeddable":true,"href":"https:\/\/www.dirtyoldempire.com\/en\/wp-json\/wp\/v2\/product_brand?post=159411"},{"taxonomy":"product_cat","embeddable":true,"href":"https:\/\/www.dirtyoldempire.com\/en\/wp-json\/wp\/v2\/product_cat?post=159411"},{"taxonomy":"product_tag","embeddable":true,"href":"https:\/\/www.dirtyoldempire.com\/en\/wp-json\/wp\/v2\/product_tag?post=159411"}],"curies":[{"name":"wp","href":"https:\/\/api.w.org\/{rel}","templated":true}]}}