{"id":159844,"date":"2025-06-10T11:46:38","date_gmt":"2025-06-10T09:46:38","guid":{"rendered":"https:\/\/www.dirtyoldempire.com\/?post_type=product&#038;p=159844"},"modified":"2025-06-10T11:54:14","modified_gmt":"2025-06-10T09:54:14","slug":"oasis-supesonic-potpuna-autorizirana-i-necenzurirana-biografija-knjiga","status":"publish","type":"product","link":"https:\/\/www.dirtyoldempire.com\/en\/product\/oasis-supesonic-potpuna-autorizirana-i-necenzurirana-biografija-knjiga\/","title":{"rendered":"OASIS &#8211; Supesonic: Potpuna, Autorizirana i Necenzurirana Biografija KNJIGA"},"content":{"rendered":"<p>Jedina slu\u017ebeno autorizirana biografija benda koji je ostavio neizbrisiv trag u povijesti rock-glazbe. Oasis je jedan od najva\u017enijih i najutjecajnijih bendova u povijesti rock-glazbe. Kada se 1991. pojavio na man\u010desterskoj sceni, malotko je mogao naslutiti da \u0107e bend obilje\u017eiti zvuk 1990-ih i definirati duh cijele generacije: Oasis je postao kultura, stav, na\u010din \u017eivota. Tijekom osamnaest godina postojanja, postava benda vi\u0161e se puta mijenjala, ali bra\u0107a Liam i Noel Gallagher \u2013 unato\u010d \u010destim sukobima, katkad i otvorenoj netrpeljivosti \u2013 ostali su njegova konstanta od po\u010detka do kraja. U knjizi Supersonic, nastaloj na temelju intervjua za istoimeni dokumentarni film, \u010dlanovi legendarnog benda iz Manchestera \u2013 ponajprije bra\u0107a Liam i Noel Gallagher \u2013 pripovijedaju pri\u010du o svom meteorskom usponu: od zadimljenih klubova u kojima su nastupali pred \u0161a\u010dicom ljudi do statusa globalnih superzvijezda koje su punile stadione diljem svijeta. Prepoznatljivim britkim humorom i ogoljenom iskreno\u0161\u0107u, Liam i Noel progovaraju o klju\u010dnim trenucima koji su obilje\u017eili njihov glazbeni put \u2013 od dana kad se Noel priklju\u010dio Liamovu tek osnovanom bendu do legendarnog dvodnevnog koncerta na otvorenom u Knebworthu 1996. godine, koji je zape\u010datio njihov uspon na sam vrh i u\u010dinio ih dijelom rock-legende. Supersonic nije samo pri\u010da o glazbi \u2013 pri\u010da je to o ambiciji, rivalstvu, prijateljstvu i nali\u010dju slave, popra\u0107ena ekskluzivnim fotografijama i uspomenama iz osobnih arhiva \u010dlanova benda. Temeljena na vi\u0161e od trideset sati razgovora s bra\u0107om Gallagher, kao i ostalim \u010dlanovima benda te njihovim bliskim suradnicima, knjiga Supersonic iznosi intimnu i autenti\u010dnu pri\u010du o jednom od najva\u017enijih rock-bendova na\u0161eg doba \u2013 ispri\u010danu rije\u010dima samih protagonista.<\/p>\n","protected":false},"excerpt":{"rendered":"<p>Format: Paperback | 352 pages<br \/>\nLanguage: Hrvatski<br \/>\nBarcode: 9789533722160<br \/>\nPublisher: Stilus<\/p>\n","protected":false},"featured_media":159846,"template":"","meta":{"_acf_changed":false},"product_brand":[],"product_cat":[615,606],"product_tag":[],"class_list":{"0":"post-159844","1":"product","2":"type-product","3":"status-publish","4":"has-post-thumbnail","6":"product_cat-knjige-casopisi-en","7":"product_cat-razno-en","8":"pa_is-featured-1-en","9":"pa_product-page-type-custom-en","11":"first","12":"instock","13":"purchasable","14":"product-type-simple"},"acf":[],"_links":{"self":[{"href":"https:\/\/www.dirtyoldempire.com\/en\/wp-json\/wp\/v2\/product\/159844","targetHints":{"allow":["GET"]}}],"collection":[{"href":"https:\/\/www.dirtyoldempire.com\/en\/wp-json\/wp\/v2\/product"}],"about":[{"href":"https:\/\/www.dirtyoldempire.com\/en\/wp-json\/wp\/v2\/types\/product"}],"wp:featuredmedia":[{"embeddable":true,"href":"https:\/\/www.dirtyoldempire.com\/en\/wp-json\/wp\/v2\/media\/159846"}],"wp:attachment":[{"href":"https:\/\/www.dirtyoldempire.com\/en\/wp-json\/wp\/v2\/media?parent=159844"}],"wp:term":[{"taxonomy":"product_brand","embeddable":true,"href":"https:\/\/www.dirtyoldempire.com\/en\/wp-json\/wp\/v2\/product_brand?post=159844"},{"taxonomy":"product_cat","embeddable":true,"href":"https:\/\/www.dirtyoldempire.com\/en\/wp-json\/wp\/v2\/product_cat?post=159844"},{"taxonomy":"product_tag","embeddable":true,"href":"https:\/\/www.dirtyoldempire.com\/en\/wp-json\/wp\/v2\/product_tag?post=159844"}],"curies":[{"name":"wp","href":"https:\/\/api.w.org\/{rel}","templated":true}]}}