{"id":161869,"date":"2025-07-17T11:04:44","date_gmt":"2025-07-17T09:04:44","guid":{"rendered":"https:\/\/www.dirtyoldempire.com\/?post_type=product&#038;p=161869"},"modified":"2025-08-04T19:40:15","modified_gmt":"2025-08-04T17:40:15","slug":"olovke-izlomljenog-srca-knjiga","status":"publish","type":"product","link":"https:\/\/www.dirtyoldempire.com\/en\/product\/olovke-izlomljenog-srca-knjiga\/","title":{"rendered":"Olovke Izlomljenog Srca KNJIGA"},"content":{"rendered":"<p>Zbirka pesama je presek Mikijevog dvadesetogodi\u0161njeg stvaranja i pisanja tekstova za bendove u kojima svira, peva, pi\u0161e i komponuje. Zahvaljuju\u0107i iznenadjuju\u0107e sjajnoj interakciji sa svojim fanovima, Miki je svoju novu knjigu obojio i likovnim radovima. Svaka pesma ima svoju ilustraciju, odnosno vi\u0111enje njegove poezije kroz olovke, \u010detkice i fotoaparate mladih ljudi iz Srbije, Hrvatske, Makedonije, Crne Gore, Bosne.<\/p>\n","protected":false},"excerpt":{"rendered":"<p>Barcode: 9788689275063<\/p>\n<p>Format: Paperback, 118 pages<br \/>\nLanguage: Serbian<br \/>\nPublisher: Starprint Plus<\/p>\n","protected":false},"featured_media":161871,"template":"","meta":{"_acf_changed":false},"product_brand":[],"product_cat":[615,606],"product_tag":[],"class_list":{"0":"post-161869","1":"product","2":"type-product","3":"status-publish","4":"has-post-thumbnail","6":"product_cat-knjige-casopisi-en","7":"product_cat-razno-en","8":"pa_is-featured-1-en","9":"pa_product-page-type-custom-en","11":"first","12":"outofstock","13":"purchasable","14":"product-type-simple"},"acf":[],"_links":{"self":[{"href":"https:\/\/www.dirtyoldempire.com\/en\/wp-json\/wp\/v2\/product\/161869","targetHints":{"allow":["GET"]}}],"collection":[{"href":"https:\/\/www.dirtyoldempire.com\/en\/wp-json\/wp\/v2\/product"}],"about":[{"href":"https:\/\/www.dirtyoldempire.com\/en\/wp-json\/wp\/v2\/types\/product"}],"wp:featuredmedia":[{"embeddable":true,"href":"https:\/\/www.dirtyoldempire.com\/en\/wp-json\/wp\/v2\/media\/161871"}],"wp:attachment":[{"href":"https:\/\/www.dirtyoldempire.com\/en\/wp-json\/wp\/v2\/media?parent=161869"}],"wp:term":[{"taxonomy":"product_brand","embeddable":true,"href":"https:\/\/www.dirtyoldempire.com\/en\/wp-json\/wp\/v2\/product_brand?post=161869"},{"taxonomy":"product_cat","embeddable":true,"href":"https:\/\/www.dirtyoldempire.com\/en\/wp-json\/wp\/v2\/product_cat?post=161869"},{"taxonomy":"product_tag","embeddable":true,"href":"https:\/\/www.dirtyoldempire.com\/en\/wp-json\/wp\/v2\/product_tag?post=161869"}],"curies":[{"name":"wp","href":"https:\/\/api.w.org\/{rel}","templated":true}]}}