{"id":165232,"date":"2025-10-03T10:56:33","date_gmt":"2025-10-03T08:56:33","guid":{"rendered":"https:\/\/www.dirtyoldempire.com\/?post_type=product&#038;p=165232"},"modified":"2025-10-03T11:25:02","modified_gmt":"2025-10-03T09:25:02","slug":"guzva-u-16-ercu-punk-urac-ringer-zenska-t-shirt","status":"publish","type":"product","link":"https:\/\/www.dirtyoldempire.com\/en\/product\/guzva-u-16-ercu-punk-urac-ringer-zenska-t-shirt\/","title":{"rendered":"GU\u017dVA U 16-ERCU Punk Urac (ringer) \u017eenska T-SHIRT"},"content":{"rendered":"","protected":false},"excerpt":{"rendered":"<p>&#8211; \u017denska, crna, crveni ovratnik<br \/>\n&#8211; Majica visoke kvalitete<br \/>\n&#8211; Gildan soft style<br \/>\n&#8211; Slu\u017ebeno licencirana majica<br \/>\n&#8211; Materijal: 100% pamuk<\/p>\n","protected":false},"featured_media":165240,"template":"","meta":{"_acf_changed":false},"product_brand":[],"product_cat":[620,622,621,623],"product_tag":[],"class_list":{"0":"post-165232","1":"product","2":"type-product","3":"status-publish","4":"has-post-thumbnail","6":"product_cat-bands-music-en","7":"product_cat-odjeca-2-en","8":"product_cat-muska-en","9":"product_cat-t-shirts-en","10":"pa_is-featured-1-en","11":"pa_product-page-type-custom-en","12":"pa_size-l-en","13":"pa_size-s-en","15":"first","16":"instock","17":"purchasable","18":"product-type-variable"},"acf":[],"_links":{"self":[{"href":"https:\/\/www.dirtyoldempire.com\/en\/wp-json\/wp\/v2\/product\/165232","targetHints":{"allow":["GET"]}}],"collection":[{"href":"https:\/\/www.dirtyoldempire.com\/en\/wp-json\/wp\/v2\/product"}],"about":[{"href":"https:\/\/www.dirtyoldempire.com\/en\/wp-json\/wp\/v2\/types\/product"}],"wp:featuredmedia":[{"embeddable":true,"href":"https:\/\/www.dirtyoldempire.com\/en\/wp-json\/wp\/v2\/media\/165240"}],"wp:attachment":[{"href":"https:\/\/www.dirtyoldempire.com\/en\/wp-json\/wp\/v2\/media?parent=165232"}],"wp:term":[{"taxonomy":"product_brand","embeddable":true,"href":"https:\/\/www.dirtyoldempire.com\/en\/wp-json\/wp\/v2\/product_brand?post=165232"},{"taxonomy":"product_cat","embeddable":true,"href":"https:\/\/www.dirtyoldempire.com\/en\/wp-json\/wp\/v2\/product_cat?post=165232"},{"taxonomy":"product_tag","embeddable":true,"href":"https:\/\/www.dirtyoldempire.com\/en\/wp-json\/wp\/v2\/product_tag?post=165232"}],"curies":[{"name":"wp","href":"https:\/\/api.w.org\/{rel}","templated":true}]}}