{"id":169192,"date":"2025-11-05T12:15:39","date_gmt":"2025-11-05T11:15:39","guid":{"rendered":"https:\/\/www.dirtyoldempire.com\/?post_type=product&#038;p=169192"},"modified":"2026-03-25T09:04:28","modified_gmt":"2026-03-25T08:04:28","slug":"from-zagreb-with-love-fighting-zagi-hoodie","status":"publish","type":"product","link":"https:\/\/www.dirtyoldempire.com\/en\/product\/from-zagreb-with-love-fighting-zagi-hoodie\/","title":{"rendered":"FROM ZAGREB WITH LOVE Fighting Zagi (crna) HOODIE"},"content":{"rendered":"<p>Mo\u017eda i najpopularniji model \u2013 Fighting Zagi dizajnerski je tribute tradicionalnom irsko-hrvatskom prijateljstvu u autorskom djelu Petra Vukorepe po uzoru na Fighting Irish dizajn. Mo\u017eda ima koje desetlje\u0107e vi\u0161e, ali na\u0161 Zagi jo\u0161 uvijek stoji u borbenom stavu na 325g hoodiju u kombinaciji 50% pamuka i 50% poliestera, u tehnici vrhunskog sitotiska.<\/p>\n","protected":false},"excerpt":{"rendered":"<p>\u2013 Mu\u0161ka, crna<br \/>\n\u2013 High quality hoodie<br \/>\n\u2013 Officially licensed<br \/>\n\u2013 Material: 50% Cotton \/ 50% Polyester<\/p>\n","protected":false},"featured_media":169199,"template":"","meta":{"_acf_changed":false},"product_brand":[],"product_cat":[622,778,631,621],"product_tag":[],"class_list":{"0":"post-169192","1":"product","2":"type-product","3":"status-publish","4":"has-post-thumbnail","6":"product_cat-odjeca-2-en","7":"product_cat-from-zagreb-with-love-en","8":"product_cat-hoodie-en","9":"product_cat-muska-en","10":"pa_size-l-en","11":"pa_size-m-en","12":"pa_size-s-en","13":"pa_size-xl-en","14":"pa_size-xxl-en","16":"first","17":"instock","18":"taxable","19":"shipping-taxable","20":"purchasable","21":"product-type-variable"},"acf":[],"_links":{"self":[{"href":"https:\/\/www.dirtyoldempire.com\/en\/wp-json\/wp\/v2\/product\/169192","targetHints":{"allow":["GET"]}}],"collection":[{"href":"https:\/\/www.dirtyoldempire.com\/en\/wp-json\/wp\/v2\/product"}],"about":[{"href":"https:\/\/www.dirtyoldempire.com\/en\/wp-json\/wp\/v2\/types\/product"}],"wp:featuredmedia":[{"embeddable":true,"href":"https:\/\/www.dirtyoldempire.com\/en\/wp-json\/wp\/v2\/media\/169199"}],"wp:attachment":[{"href":"https:\/\/www.dirtyoldempire.com\/en\/wp-json\/wp\/v2\/media?parent=169192"}],"wp:term":[{"taxonomy":"product_brand","embeddable":true,"href":"https:\/\/www.dirtyoldempire.com\/en\/wp-json\/wp\/v2\/product_brand?post=169192"},{"taxonomy":"product_cat","embeddable":true,"href":"https:\/\/www.dirtyoldempire.com\/en\/wp-json\/wp\/v2\/product_cat?post=169192"},{"taxonomy":"product_tag","embeddable":true,"href":"https:\/\/www.dirtyoldempire.com\/en\/wp-json\/wp\/v2\/product_tag?post=169192"}],"curies":[{"name":"wp","href":"https:\/\/api.w.org\/{rel}","templated":true}]}}