{"id":169231,"date":"2025-11-05T12:21:43","date_gmt":"2025-11-05T11:21:43","guid":{"rendered":"https:\/\/www.dirtyoldempire.com\/?post_type=product&#038;p=169231"},"modified":"2025-11-25T14:40:03","modified_gmt":"2025-11-25T13:40:03","slug":"from-zagreb-with-love-fenjer-lampa-hoodie","status":"publish","type":"product","link":"https:\/\/www.dirtyoldempire.com\/en\/product\/from-zagreb-with-love-fenjer-lampa-hoodie\/","title":{"rendered":"FROM ZAGREB WITH LOVE Fenjer \/ Lampa (bordo) HOODIE"},"content":{"rendered":"<p>\u201eI lije na uglu petrolejska lampa<br \/>\nSvjetlost crvenkasto \u017eutu<br \/>\nNa debelo blato kraj staroga plota<br \/>\ni dvije, tri cigle na putu\u201d<\/p>\n<p>Iza\u0111i na ulice grada, neka te prati iz predgra\u0111a balada! Tattoo majstor Filip Cigar\u010di\u0107 ovjekovje\u010dio je staru gradsku lampu na ovom vanserijskom 325g hoodiju u kombinaciji 50% pamuka i 50% poliestera, otisnutu vrhunskim sitotiskom.<\/p>\n","protected":false},"excerpt":{"rendered":"<p>\u2013 Mu\u0161ka, bordo<br \/>\n\u2013 High quality hoodie<br \/>\n\u2013 Officially licensed<br \/>\n\u2013 Material: 50% Cotton \/ 50% Polyester<\/p>\n","protected":false},"featured_media":169238,"template":"","meta":{"_acf_changed":false},"product_brand":[],"product_cat":[622,778,631,621],"product_tag":[],"class_list":{"0":"post-169231","1":"product","2":"type-product","3":"status-publish","4":"has-post-thumbnail","6":"product_cat-odjeca-2-en","7":"product_cat-from-zagreb-with-love-en","8":"product_cat-hoodie-en","9":"product_cat-muska-en","10":"pa_size-l-en","11":"pa_size-m-en","12":"pa_size-s-en","13":"pa_size-xl-en","14":"pa_size-xxl-en","16":"first","17":"instock","18":"taxable","19":"shipping-taxable","20":"purchasable","21":"product-type-variable"},"acf":[],"_links":{"self":[{"href":"https:\/\/www.dirtyoldempire.com\/en\/wp-json\/wp\/v2\/product\/169231","targetHints":{"allow":["GET"]}}],"collection":[{"href":"https:\/\/www.dirtyoldempire.com\/en\/wp-json\/wp\/v2\/product"}],"about":[{"href":"https:\/\/www.dirtyoldempire.com\/en\/wp-json\/wp\/v2\/types\/product"}],"wp:featuredmedia":[{"embeddable":true,"href":"https:\/\/www.dirtyoldempire.com\/en\/wp-json\/wp\/v2\/media\/169238"}],"wp:attachment":[{"href":"https:\/\/www.dirtyoldempire.com\/en\/wp-json\/wp\/v2\/media?parent=169231"}],"wp:term":[{"taxonomy":"product_brand","embeddable":true,"href":"https:\/\/www.dirtyoldempire.com\/en\/wp-json\/wp\/v2\/product_brand?post=169231"},{"taxonomy":"product_cat","embeddable":true,"href":"https:\/\/www.dirtyoldempire.com\/en\/wp-json\/wp\/v2\/product_cat?post=169231"},{"taxonomy":"product_tag","embeddable":true,"href":"https:\/\/www.dirtyoldempire.com\/en\/wp-json\/wp\/v2\/product_tag?post=169231"}],"curies":[{"name":"wp","href":"https:\/\/api.w.org\/{rel}","templated":true}]}}