{"id":169366,"date":"2025-11-07T12:21:49","date_gmt":"2025-11-07T11:21:49","guid":{"rendered":"https:\/\/www.dirtyoldempire.com\/?post_type=product&#038;p=169366"},"modified":"2026-02-04T12:41:12","modified_gmt":"2026-02-04T11:41:12","slug":"from-zagreb-with-love-zagreb-zenska-crna-ts","status":"publish","type":"product","link":"https:\/\/www.dirtyoldempire.com\/en\/product\/from-zagreb-with-love-zagreb-zenska-crna-ts\/","title":{"rendered":"FROM ZAGREB WITH LOVE Zagreb \u017eenska (crna) TS"},"content":{"rendered":"<div class=\"woocommerce-product-details__short-description\">\n<div class=\"woocommerce-product-details__short-description\">\n<p>Zagreb je vi\u0161e od grada. Zagreb je stav. Ovaj dizajn inspiriran je ljubavlju prema gradu na obalama Save i autorsko je djelo tattoo majstora Filipa Cigar\u010di\u0107a. Klasik me\u0111u FZWL dizajnima. Vrhunski sitotisak na udobnoj i mekoj 185g majici od 100% pamuka.<\/p>\n<\/div>\n<\/div>\n","protected":false},"excerpt":{"rendered":"<p>\u2013 \u017denska, crna<br \/>\n\u2013 High quality t-shirt<br \/>\n\u2013 Officially licensed<br \/>\n\u2013 Material: 100% Cotton<\/p>\n","protected":false},"featured_media":169353,"template":"","meta":{"_acf_changed":false},"product_brand":[],"product_cat":[622,778,639,640],"product_tag":[],"class_list":{"0":"post-169366","1":"product","2":"type-product","3":"status-publish","4":"has-post-thumbnail","6":"product_cat-odjeca-2-en","7":"product_cat-from-zagreb-with-love-en","8":"product_cat-t-shirts-2-en","9":"product_cat-zenska-en","10":"pa_size-l-en","11":"pa_size-m-en","12":"pa_size-s-en","13":"pa_size-xl-en","14":"pa_size-xxl-en","16":"first","17":"instock","18":"taxable","19":"shipping-taxable","20":"purchasable","21":"product-type-variable"},"acf":[],"_links":{"self":[{"href":"https:\/\/www.dirtyoldempire.com\/en\/wp-json\/wp\/v2\/product\/169366","targetHints":{"allow":["GET"]}}],"collection":[{"href":"https:\/\/www.dirtyoldempire.com\/en\/wp-json\/wp\/v2\/product"}],"about":[{"href":"https:\/\/www.dirtyoldempire.com\/en\/wp-json\/wp\/v2\/types\/product"}],"wp:featuredmedia":[{"embeddable":true,"href":"https:\/\/www.dirtyoldempire.com\/en\/wp-json\/wp\/v2\/media\/169353"}],"wp:attachment":[{"href":"https:\/\/www.dirtyoldempire.com\/en\/wp-json\/wp\/v2\/media?parent=169366"}],"wp:term":[{"taxonomy":"product_brand","embeddable":true,"href":"https:\/\/www.dirtyoldempire.com\/en\/wp-json\/wp\/v2\/product_brand?post=169366"},{"taxonomy":"product_cat","embeddable":true,"href":"https:\/\/www.dirtyoldempire.com\/en\/wp-json\/wp\/v2\/product_cat?post=169366"},{"taxonomy":"product_tag","embeddable":true,"href":"https:\/\/www.dirtyoldempire.com\/en\/wp-json\/wp\/v2\/product_tag?post=169366"}],"curies":[{"name":"wp","href":"https:\/\/api.w.org\/{rel}","templated":true}]}}