{"id":169384,"date":"2025-11-07T12:26:41","date_gmt":"2025-11-07T11:26:41","guid":{"rendered":"https:\/\/www.dirtyoldempire.com\/?post_type=product&#038;p=169384"},"modified":"2026-02-04T12:40:28","modified_gmt":"2026-02-04T11:40:28","slug":"from-zagreb-with-love-fighting-zagi-bijela-ts","status":"publish","type":"product","link":"https:\/\/www.dirtyoldempire.com\/en\/product\/from-zagreb-with-love-fighting-zagi-bijela-ts\/","title":{"rendered":"FROM ZAGREB WITH LOVE Fighting Zagi (bijela) TS"},"content":{"rendered":"<div class=\"woocommerce-product-details__short-description\">\n<div class=\"woocommerce-product-details__short-description\">\n<div class=\"woocommerce-product-details__short-description\">\n<p>Na\u0161 mo\u017eda i najpopularniji model \u2013 fighting Zagi dizajnerski je tribute tradicionalnom irsko-hrvatskom prijateljstvu u autorskom djelu Petra Vukorepe po uzoru na fighting Irish dizajn. Mo\u017eda ima koje desetlje\u0107e vi\u0161e, ali na\u0161 Zagi jo\u0161 uvijek stoji u borbenom stavu na udobnoj 185g majici od 100% pamuka.<\/p>\n<\/div>\n<\/div>\n<\/div>\n","protected":false},"excerpt":{"rendered":"<p>\u2013 Mu\u0161ka, bijela<br \/>\n\u2013 High quality t-shirt<br \/>\n\u2013 Officially licensed<br \/>\n\u2013 Material: 100% Cotton<\/p>\n","protected":false},"featured_media":169407,"template":"","meta":{"_acf_changed":false},"product_brand":[],"product_cat":[622,778,621,623],"product_tag":[],"class_list":{"0":"post-169384","1":"product","2":"type-product","3":"status-publish","4":"has-post-thumbnail","6":"product_cat-odjeca-2-en","7":"product_cat-from-zagreb-with-love-en","8":"product_cat-muska-en","9":"product_cat-t-shirts-en","10":"pa_size-l-en","11":"pa_size-m-en","12":"pa_size-s-en","13":"pa_size-xl-en","14":"pa_size-xxl-en","16":"first","17":"instock","18":"taxable","19":"shipping-taxable","20":"purchasable","21":"product-type-variable"},"acf":[],"_links":{"self":[{"href":"https:\/\/www.dirtyoldempire.com\/en\/wp-json\/wp\/v2\/product\/169384","targetHints":{"allow":["GET"]}}],"collection":[{"href":"https:\/\/www.dirtyoldempire.com\/en\/wp-json\/wp\/v2\/product"}],"about":[{"href":"https:\/\/www.dirtyoldempire.com\/en\/wp-json\/wp\/v2\/types\/product"}],"wp:featuredmedia":[{"embeddable":true,"href":"https:\/\/www.dirtyoldempire.com\/en\/wp-json\/wp\/v2\/media\/169407"}],"wp:attachment":[{"href":"https:\/\/www.dirtyoldempire.com\/en\/wp-json\/wp\/v2\/media?parent=169384"}],"wp:term":[{"taxonomy":"product_brand","embeddable":true,"href":"https:\/\/www.dirtyoldempire.com\/en\/wp-json\/wp\/v2\/product_brand?post=169384"},{"taxonomy":"product_cat","embeddable":true,"href":"https:\/\/www.dirtyoldempire.com\/en\/wp-json\/wp\/v2\/product_cat?post=169384"},{"taxonomy":"product_tag","embeddable":true,"href":"https:\/\/www.dirtyoldempire.com\/en\/wp-json\/wp\/v2\/product_tag?post=169384"}],"curies":[{"name":"wp","href":"https:\/\/api.w.org\/{rel}","templated":true}]}}