{"id":169598,"date":"2025-11-11T11:27:01","date_gmt":"2025-11-11T10:27:01","guid":{"rendered":"https:\/\/www.dirtyoldempire.com\/?post_type=product&#038;p=169598"},"modified":"2026-02-04T12:27:20","modified_gmt":"2026-02-04T11:27:20","slug":"from-zagreb-with-love-crna-kraljica-crna-ts","status":"publish","type":"product","link":"https:\/\/www.dirtyoldempire.com\/en\/product\/from-zagreb-with-love-crna-kraljica-crna-ts\/","title":{"rendered":"FROM ZAGREB WITH LOVE Pin-up Crna Kraljica (crna) TS"},"content":{"rendered":"<div class=\"woocommerce-product-details__short-description\">\n<div class=\"woocommerce-product-details__short-description\">\n<div class=\"woocommerce-product-details__short-description\">\n<div class=\"woocommerce-product-details__short-description\">\n<p>Prekrasna i prokleta \u2013 na takav glas je do\u0161la zla vladarica Medvedgrada, legendarna Crna kraljica. Uvijek u pratnji svog ljubimca gavrana, koji je njenim suparnicima kljunom i kand\u017eama oduzimao \u017eivot na njen zlokobni mig. Legenda ka\u017ee da je htjela prevariti i vraga, no iako je obranila Medvedgrad od Turaka vrag ju je kaznio upadanjem u njegove vje\u0161to postavljene stupice.<\/p>\n<p>Crna kraljica novi je dizajn iz na\u0161eg pin up serijala \u017eena bez kojih je povijest Zagreba nezamisliva, i djelo je na\u0161eg dizajnera Petra Vukorepe. Dolazi na premium 100% pamu\u010dnim majicama u mu\u0161koj i \u017eenskoj varijanti, uz vrhunsku kvalitetu sitotiska.<\/p>\n<\/div>\n<\/div>\n<\/div>\n<\/div>\n","protected":false},"excerpt":{"rendered":"<p>\u2013 Mu\u0161ka, crna<br \/>\n\u2013 High quality t-shirt<br \/>\n\u2013 Officially licensed<br \/>\n\u2013 Material: 100% Cotton<\/p>\n","protected":false},"featured_media":169605,"template":"","meta":{"_acf_changed":false},"product_brand":[],"product_cat":[622,778,621,623],"product_tag":[],"class_list":{"0":"post-169598","1":"product","2":"type-product","3":"status-publish","4":"has-post-thumbnail","6":"product_cat-odjeca-2-en","7":"product_cat-from-zagreb-with-love-en","8":"product_cat-muska-en","9":"product_cat-t-shirts-en","10":"pa_size-l-en","11":"pa_size-m-en","12":"pa_size-s-en","13":"pa_size-xl-en","14":"pa_size-xxl-en","16":"first","17":"instock","18":"taxable","19":"shipping-taxable","20":"purchasable","21":"product-type-variable"},"acf":[],"_links":{"self":[{"href":"https:\/\/www.dirtyoldempire.com\/en\/wp-json\/wp\/v2\/product\/169598","targetHints":{"allow":["GET"]}}],"collection":[{"href":"https:\/\/www.dirtyoldempire.com\/en\/wp-json\/wp\/v2\/product"}],"about":[{"href":"https:\/\/www.dirtyoldempire.com\/en\/wp-json\/wp\/v2\/types\/product"}],"wp:featuredmedia":[{"embeddable":true,"href":"https:\/\/www.dirtyoldempire.com\/en\/wp-json\/wp\/v2\/media\/169605"}],"wp:attachment":[{"href":"https:\/\/www.dirtyoldempire.com\/en\/wp-json\/wp\/v2\/media?parent=169598"}],"wp:term":[{"taxonomy":"product_brand","embeddable":true,"href":"https:\/\/www.dirtyoldempire.com\/en\/wp-json\/wp\/v2\/product_brand?post=169598"},{"taxonomy":"product_cat","embeddable":true,"href":"https:\/\/www.dirtyoldempire.com\/en\/wp-json\/wp\/v2\/product_cat?post=169598"},{"taxonomy":"product_tag","embeddable":true,"href":"https:\/\/www.dirtyoldempire.com\/en\/wp-json\/wp\/v2\/product_tag?post=169598"}],"curies":[{"name":"wp","href":"https:\/\/api.w.org\/{rel}","templated":true}]}}