{"id":169653,"date":"2025-11-11T11:42:50","date_gmt":"2025-11-11T10:42:50","guid":{"rendered":"https:\/\/www.dirtyoldempire.com\/?post_type=product&#038;p=169653"},"modified":"2026-02-04T12:22:49","modified_gmt":"2026-02-04T11:22:49","slug":"from-zagreb-with-love-pin-up-ritam-grada-zenska-crna-ts","status":"publish","type":"product","link":"https:\/\/www.dirtyoldempire.com\/en\/product\/from-zagreb-with-love-pin-up-ritam-grada-zenska-crna-ts\/","title":{"rendered":"FROM ZAGREB WITH LOVE Ritam Grada \u017eenska (crna) TS"},"content":{"rendered":"<div class=\"woocommerce-product-details__short-description\">\n<div class=\"woocommerce-product-details__short-description\">\n<div class=\"woocommerce-product-details__short-description\">\n<div class=\"woocommerce-product-details__short-description\">\n<p>Inspirirana zvukom ulica i energijom zagreba\u010dke underground glazbene scene, majica\u00a0<strong>\u201cRitam Grada Bez Kompromisa\u201d<\/strong>\u00a0nosi pri\u010du koju osje\u0107a\u0161 u svakom taktu!<\/p>\n<\/div>\n<\/div>\n<\/div>\n<\/div>\n","protected":false},"excerpt":{"rendered":"<p>\u2013 \u017denska, crna<br \/>\n\u2013 High quality t-shirt<br \/>\n\u2013 Officially licensed<br \/>\n\u2013 Material: 100% Cotton<\/p>\n","protected":false},"featured_media":169641,"template":"","meta":{"_acf_changed":false},"product_brand":[],"product_cat":[622,778,639,640],"product_tag":[],"class_list":{"0":"post-169653","1":"product","2":"type-product","3":"status-publish","4":"has-post-thumbnail","6":"product_cat-odjeca-2-en","7":"product_cat-from-zagreb-with-love-en","8":"product_cat-t-shirts-2-en","9":"product_cat-zenska-en","10":"pa_size-l-en","11":"pa_size-m-en","12":"pa_size-s-en","13":"pa_size-xl-en","14":"pa_size-xxl-en","16":"first","17":"instock","18":"taxable","19":"shipping-taxable","20":"purchasable","21":"product-type-variable"},"acf":[],"_links":{"self":[{"href":"https:\/\/www.dirtyoldempire.com\/en\/wp-json\/wp\/v2\/product\/169653","targetHints":{"allow":["GET"]}}],"collection":[{"href":"https:\/\/www.dirtyoldempire.com\/en\/wp-json\/wp\/v2\/product"}],"about":[{"href":"https:\/\/www.dirtyoldempire.com\/en\/wp-json\/wp\/v2\/types\/product"}],"wp:featuredmedia":[{"embeddable":true,"href":"https:\/\/www.dirtyoldempire.com\/en\/wp-json\/wp\/v2\/media\/169641"}],"wp:attachment":[{"href":"https:\/\/www.dirtyoldempire.com\/en\/wp-json\/wp\/v2\/media?parent=169653"}],"wp:term":[{"taxonomy":"product_brand","embeddable":true,"href":"https:\/\/www.dirtyoldempire.com\/en\/wp-json\/wp\/v2\/product_brand?post=169653"},{"taxonomy":"product_cat","embeddable":true,"href":"https:\/\/www.dirtyoldempire.com\/en\/wp-json\/wp\/v2\/product_cat?post=169653"},{"taxonomy":"product_tag","embeddable":true,"href":"https:\/\/www.dirtyoldempire.com\/en\/wp-json\/wp\/v2\/product_tag?post=169653"}],"curies":[{"name":"wp","href":"https:\/\/api.w.org\/{rel}","templated":true}]}}