{"id":169794,"date":"2025-11-14T16:24:40","date_gmt":"2025-11-14T15:24:40","guid":{"rendered":"https:\/\/www.dirtyoldempire.com\/?post_type=product&#038;p=169794"},"modified":"2026-04-29T02:28:43","modified_gmt":"2026-04-29T00:28:43","slug":"los-primjer-puls-univerzuma-lp","status":"publish","type":"product","link":"https:\/\/www.dirtyoldempire.com\/en\/product\/los-primjer-puls-univerzuma-lp\/","title":{"rendered":"LO\u0160 PRIMJER &#8211; Puls Univerzuma LP"},"content":{"rendered":"","protected":false},"excerpt":{"rendered":"<p><strong>Proizvod je u fazi prednarud\u017ebe do datuma izlaska, 25. 12. 2025. U tom periodu, to\u010dnije do 24. 12. 2025., odobravamo 10% popusta na izdanje, a ako u narud\u017ebi bude i drugih artikala sve zajedno \u0161aljemo nakon izlaska albuma.<\/strong><\/p>\n<p><strong>The product is available for pre-order until the release date, December 25, 2025. During this period, specifically until December 24, 2025, we are giving a 10% discount on this product. If your order includes other items as well, everything will be shipped together after the album\u2019s release.<\/strong><\/p>\n<p>&nbsp;<\/p>\n<p>dirty.061<br \/>\nLabel: Dirty Old Label, Dostava Zvuka, Lumer, Mind Eraser<\/p>\n<p>Vinyl, LP, Album, Colored<\/p>\n","protected":false},"featured_media":169796,"template":"","meta":{"_acf_changed":false},"product_brand":[],"product_cat":[593,658,804,595,594],"product_tag":[],"class_list":{"0":"post-169794","1":"product","2":"type-product","3":"status-publish","4":"has-post-thumbnail","6":"product_cat-lp-en","7":"product_cat-label-doe-izdanja-en","8":"product_cat-pre-orders-2","9":"product_cat-vinyl-2-en","10":"product_cat-vinil-en","11":"pa_is-featured-1-en","12":"pa_product-page-type-custom-en","14":"first","15":"instock","16":"purchasable","17":"product-type-simple"},"acf":[],"_links":{"self":[{"href":"https:\/\/www.dirtyoldempire.com\/en\/wp-json\/wp\/v2\/product\/169794","targetHints":{"allow":["GET"]}}],"collection":[{"href":"https:\/\/www.dirtyoldempire.com\/en\/wp-json\/wp\/v2\/product"}],"about":[{"href":"https:\/\/www.dirtyoldempire.com\/en\/wp-json\/wp\/v2\/types\/product"}],"wp:featuredmedia":[{"embeddable":true,"href":"https:\/\/www.dirtyoldempire.com\/en\/wp-json\/wp\/v2\/media\/169796"}],"wp:attachment":[{"href":"https:\/\/www.dirtyoldempire.com\/en\/wp-json\/wp\/v2\/media?parent=169794"}],"wp:term":[{"taxonomy":"product_brand","embeddable":true,"href":"https:\/\/www.dirtyoldempire.com\/en\/wp-json\/wp\/v2\/product_brand?post=169794"},{"taxonomy":"product_cat","embeddable":true,"href":"https:\/\/www.dirtyoldempire.com\/en\/wp-json\/wp\/v2\/product_cat?post=169794"},{"taxonomy":"product_tag","embeddable":true,"href":"https:\/\/www.dirtyoldempire.com\/en\/wp-json\/wp\/v2\/product_tag?post=169794"}],"curies":[{"name":"wp","href":"https:\/\/api.w.org\/{rel}","templated":true}]}}