{"id":169862,"date":"2025-11-20T15:04:56","date_gmt":"2025-11-20T14:04:56","guid":{"rendered":"https:\/\/www.dirtyoldempire.com\/?post_type=product&#038;p=169862"},"modified":"2026-04-30T09:39:08","modified_gmt":"2026-04-30T07:39:08","slug":"from-zagreb-with-love-pin-up-coprnica-crna-zip-hoodie","status":"publish","type":"product","link":"https:\/\/www.dirtyoldempire.com\/en\/product\/from-zagreb-with-love-pin-up-coprnica-crna-zip-hoodie\/","title":{"rendered":"FROM ZAGREB WITH LOVE Pin-up Coprnica (crna) zip HOODIE"},"content":{"rendered":"<div class=\"woocommerce-product-details__short-description\">\n<div class=\"woocommerce-product-details__short-description\">\n<p>Vje\u0161tica, ili po purgerski &#8220;coprnica&#8221; simbol je negda\u0161njeg, starog Gornjeg grada, ba\u0161 kao i kula Lotr\u0161\u010dak! Nosi i ti pin-up coprnicu iz FZWL kolekcije zna\u010dajnih \u017eena za povijest Zagreba, s dizajnom obavijenim starozagreba\u010dkom mistikom. Vrhunski sitotisak na izuzetno mekoj, udobno podlo\u017eenoj hoodici od 80% pamuka i 20% poliestera s metalnim zip zatvara\u010dem i izlazom za slu\u0161alice, te dvoslojnom kapulja\u010dom.<\/p>\n<\/div>\n<\/div>\n","protected":false},"excerpt":{"rendered":"<p>\u2013 Mu\u0161ka, crna<br \/>\n\u2013 High quality hoodie with zip<br \/>\n\u2013 Officially licensed<br \/>\n\u2013 Material: 80% Cotton \/ 20% Polyester<\/p>\n","protected":false},"featured_media":169893,"template":"","meta":{"_acf_changed":false},"product_brand":[],"product_cat":[622,778,631,621],"product_tag":[],"class_list":{"0":"post-169862","1":"product","2":"type-product","3":"status-publish","4":"has-post-thumbnail","6":"product_cat-odjeca-2-en","7":"product_cat-from-zagreb-with-love-en","8":"product_cat-hoodie-en","9":"product_cat-muska-en","10":"pa_size-l-en","11":"pa_size-m-en","12":"pa_size-s-en","13":"pa_size-xl-en","14":"pa_size-xxl-en","16":"first","17":"instock","18":"taxable","19":"shipping-taxable","20":"purchasable","21":"product-type-variable"},"acf":[],"_links":{"self":[{"href":"https:\/\/www.dirtyoldempire.com\/en\/wp-json\/wp\/v2\/product\/169862","targetHints":{"allow":["GET"]}}],"collection":[{"href":"https:\/\/www.dirtyoldempire.com\/en\/wp-json\/wp\/v2\/product"}],"about":[{"href":"https:\/\/www.dirtyoldempire.com\/en\/wp-json\/wp\/v2\/types\/product"}],"wp:featuredmedia":[{"embeddable":true,"href":"https:\/\/www.dirtyoldempire.com\/en\/wp-json\/wp\/v2\/media\/169893"}],"wp:attachment":[{"href":"https:\/\/www.dirtyoldempire.com\/en\/wp-json\/wp\/v2\/media?parent=169862"}],"wp:term":[{"taxonomy":"product_brand","embeddable":true,"href":"https:\/\/www.dirtyoldempire.com\/en\/wp-json\/wp\/v2\/product_brand?post=169862"},{"taxonomy":"product_cat","embeddable":true,"href":"https:\/\/www.dirtyoldempire.com\/en\/wp-json\/wp\/v2\/product_cat?post=169862"},{"taxonomy":"product_tag","embeddable":true,"href":"https:\/\/www.dirtyoldempire.com\/en\/wp-json\/wp\/v2\/product_tag?post=169862"}],"curies":[{"name":"wp","href":"https:\/\/api.w.org\/{rel}","templated":true}]}}