{"id":169972,"date":"2025-11-25T14:32:10","date_gmt":"2025-11-25T13:32:10","guid":{"rendered":"https:\/\/www.dirtyoldempire.com\/?post_type=product&#038;p=169972"},"modified":"2026-02-04T12:21:31","modified_gmt":"2026-02-04T11:21:31","slug":"from-zagreb-with-love-pin-up-coprnica-zenska-crna-ts","status":"publish","type":"product","link":"https:\/\/www.dirtyoldempire.com\/en\/product\/from-zagreb-with-love-pin-up-coprnica-zenska-crna-ts\/","title":{"rendered":"FROM ZAGREB WITH LOVE Pin-up Coprnica \u017eenska (crna) TS"},"content":{"rendered":"<div class=\"woocommerce-product-details__short-description\">\n<div class=\"woocommerce-product-details__short-description\">\n<div class=\"woocommerce-product-details__short-description\">\n<div class=\"woocommerce-product-details__short-description\">\n<div class=\"woocommerce-product-details__short-description\">\n<p>Vje\u0161tica, ili po purgerski &#8220;coprnica&#8221; simbol je negda\u0161njeg, starog Gornjeg grada, ba\u0161 kao i kula Lotr\u0161\u010dak! Nosi i ti pin-up coprnicu iz FZWL kolekcije zna\u010dajnih \u017eena za povijest Zagreba, s dizajnom obavijenim starozagreba\u010dkom mistikom. Tiskano na 185g udobnoj i mekoj 100% pamu\u010dnoj majici u tehnici vrhunskog sitotiska<\/p>\n<\/div>\n<\/div>\n<\/div>\n<\/div>\n<\/div>\n","protected":false},"excerpt":{"rendered":"<p>\u2013 \u017denska, crna<br \/>\n\u2013 High quality t-shirt<br \/>\n\u2013 Officially licensed<br \/>\n\u2013 Material: 100% Cotton<\/p>\n","protected":false},"featured_media":169965,"template":"","meta":{"_acf_changed":false},"product_brand":[],"product_cat":[622,778,621,623],"product_tag":[],"class_list":{"0":"post-169972","1":"product","2":"type-product","3":"status-publish","4":"has-post-thumbnail","6":"product_cat-odjeca-2-en","7":"product_cat-from-zagreb-with-love-en","8":"product_cat-muska-en","9":"product_cat-t-shirts-en","10":"pa_size-l-en","11":"pa_size-m-en","12":"pa_size-s-en","13":"pa_size-xl-en","14":"pa_size-xxl-en","16":"first","17":"instock","18":"taxable","19":"shipping-taxable","20":"purchasable","21":"product-type-variable"},"acf":[],"_links":{"self":[{"href":"https:\/\/www.dirtyoldempire.com\/en\/wp-json\/wp\/v2\/product\/169972","targetHints":{"allow":["GET"]}}],"collection":[{"href":"https:\/\/www.dirtyoldempire.com\/en\/wp-json\/wp\/v2\/product"}],"about":[{"href":"https:\/\/www.dirtyoldempire.com\/en\/wp-json\/wp\/v2\/types\/product"}],"wp:featuredmedia":[{"embeddable":true,"href":"https:\/\/www.dirtyoldempire.com\/en\/wp-json\/wp\/v2\/media\/169965"}],"wp:attachment":[{"href":"https:\/\/www.dirtyoldempire.com\/en\/wp-json\/wp\/v2\/media?parent=169972"}],"wp:term":[{"taxonomy":"product_brand","embeddable":true,"href":"https:\/\/www.dirtyoldempire.com\/en\/wp-json\/wp\/v2\/product_brand?post=169972"},{"taxonomy":"product_cat","embeddable":true,"href":"https:\/\/www.dirtyoldempire.com\/en\/wp-json\/wp\/v2\/product_cat?post=169972"},{"taxonomy":"product_tag","embeddable":true,"href":"https:\/\/www.dirtyoldempire.com\/en\/wp-json\/wp\/v2\/product_tag?post=169972"}],"curies":[{"name":"wp","href":"https:\/\/api.w.org\/{rel}","templated":true}]}}