{"id":170078,"date":"2025-11-28T10:00:55","date_gmt":"2025-11-28T09:00:55","guid":{"rendered":"https:\/\/www.dirtyoldempire.com\/?post_type=product&#038;p=170078"},"modified":"2026-03-21T02:58:22","modified_gmt":"2026-03-21T01:58:22","slug":"amyl-and-the-sniffers-8-8-2026-salata","status":"publish","type":"product","link":"https:\/\/www.dirtyoldempire.com\/en\/product\/amyl-and-the-sniffers-8-8-2026-salata\/","title":{"rendered":"AMYL AND THE SNIFFERS, 8.8.2026., \u0160ALATA"},"content":{"rendered":"","protected":false},"excerpt":{"rendered":"<p>Ulaznice za osobno preuzimanje mogu se preuzeti u du\u0107anu <span style=\"text-decoration: underline\">nakon primitka maila<\/span> o spremnosti po\u0161iljke, a najkasnije jedan dan prije dana koncerta (do kraja radnog vremena). Nakon tog roka, ulaznice \u0107e biti mogu\u0107e podi\u0107i samo na ulazu.<\/p>\n<p>Ulaznice su isklju\u010divo u fizi\u010dkom obliku, nije ih mogu\u0107e dobiti u digitalnom formatu.<\/p>\n<p>&#8211; 8.8.2026.<\/p>\n<p>&#8211; 37\u20ac u pretprodaji<\/p>\n","protected":false},"featured_media":170080,"template":"","meta":{"_acf_changed":false},"product_brand":[],"product_cat":[601],"product_tag":[],"class_list":{"0":"post-170078","1":"product","2":"type-product","3":"status-publish","4":"has-post-thumbnail","6":"product_cat-karte-en","7":"pa_is-featured-1-en","8":"pa_product-page-type-custom-en","9":"pa_socks-size-36-40-en","11":"first","12":"instock","13":"purchasable","14":"product-type-simple"},"acf":[],"_links":{"self":[{"href":"https:\/\/www.dirtyoldempire.com\/en\/wp-json\/wp\/v2\/product\/170078","targetHints":{"allow":["GET"]}}],"collection":[{"href":"https:\/\/www.dirtyoldempire.com\/en\/wp-json\/wp\/v2\/product"}],"about":[{"href":"https:\/\/www.dirtyoldempire.com\/en\/wp-json\/wp\/v2\/types\/product"}],"wp:featuredmedia":[{"embeddable":true,"href":"https:\/\/www.dirtyoldempire.com\/en\/wp-json\/wp\/v2\/media\/170080"}],"wp:attachment":[{"href":"https:\/\/www.dirtyoldempire.com\/en\/wp-json\/wp\/v2\/media?parent=170078"}],"wp:term":[{"taxonomy":"product_brand","embeddable":true,"href":"https:\/\/www.dirtyoldempire.com\/en\/wp-json\/wp\/v2\/product_brand?post=170078"},{"taxonomy":"product_cat","embeddable":true,"href":"https:\/\/www.dirtyoldempire.com\/en\/wp-json\/wp\/v2\/product_cat?post=170078"},{"taxonomy":"product_tag","embeddable":true,"href":"https:\/\/www.dirtyoldempire.com\/en\/wp-json\/wp\/v2\/product_tag?post=170078"}],"curies":[{"name":"wp","href":"https:\/\/api.w.org\/{rel}","templated":true}]}}