{"id":174701,"date":"2026-01-20T18:14:41","date_gmt":"2026-01-20T17:14:41","guid":{"rendered":"https:\/\/www.dirtyoldempire.com\/?post_type=product&#038;p=174701"},"modified":"2026-01-29T10:27:25","modified_gmt":"2026-01-29T09:27:25","slug":"fatoumata-diawara-fenfo-lp","status":"publish","type":"product","link":"https:\/\/www.dirtyoldempire.com\/en\/product\/fatoumata-diawara-fenfo-lp\/","title":{"rendered":"FATOUMATA DIAWARA- Fenfo LP"},"content":{"rendered":"","protected":false},"excerpt":{"rendered":"<p>Ulaznice koje su pla\u0107ene internet bankarstvom\/karticom mogu se preuzeti u du\u0107anu najranije 2 radna dana nakon izvr\u0161enog pla\u0107anja, a najkasnije jedan dan prije koncerta (do kraja radnog vremena). Nakon tog roka, ulaznice \u0107e biti mogu\u0107e podi\u0107i samo na ulazu u klub.<\/p>\n<p>&#8211; Boogaloo, <span style=\"color: #ff0000;\"><strong>NOVI DATUM 2022. TBA<\/strong><\/span><br \/>\n&#8211; 175kn \/ 200kn na dan koncerta<\/p>\n","protected":false},"featured_media":174703,"template":"","meta":{"_acf_changed":false},"product_brand":[],"product_cat":[593,594],"product_tag":[],"class_list":{"0":"post-174701","1":"product","2":"type-product","3":"status-publish","4":"has-post-thumbnail","6":"product_cat-lp-en","7":"product_cat-vinil-en","8":"pa_product-page-type-custom-en","10":"first","11":"instock","12":"purchasable","13":"product-type-simple"},"acf":[],"_links":{"self":[{"href":"https:\/\/www.dirtyoldempire.com\/en\/wp-json\/wp\/v2\/product\/174701","targetHints":{"allow":["GET"]}}],"collection":[{"href":"https:\/\/www.dirtyoldempire.com\/en\/wp-json\/wp\/v2\/product"}],"about":[{"href":"https:\/\/www.dirtyoldempire.com\/en\/wp-json\/wp\/v2\/types\/product"}],"wp:featuredmedia":[{"embeddable":true,"href":"https:\/\/www.dirtyoldempire.com\/en\/wp-json\/wp\/v2\/media\/174703"}],"wp:attachment":[{"href":"https:\/\/www.dirtyoldempire.com\/en\/wp-json\/wp\/v2\/media?parent=174701"}],"wp:term":[{"taxonomy":"product_brand","embeddable":true,"href":"https:\/\/www.dirtyoldempire.com\/en\/wp-json\/wp\/v2\/product_brand?post=174701"},{"taxonomy":"product_cat","embeddable":true,"href":"https:\/\/www.dirtyoldempire.com\/en\/wp-json\/wp\/v2\/product_cat?post=174701"},{"taxonomy":"product_tag","embeddable":true,"href":"https:\/\/www.dirtyoldempire.com\/en\/wp-json\/wp\/v2\/product_tag?post=174701"}],"curies":[{"name":"wp","href":"https:\/\/api.w.org\/{rel}","templated":true}]}}