{"id":176192,"date":"2026-02-03T15:10:04","date_gmt":"2026-02-03T14:10:04","guid":{"rendered":"https:\/\/www.dirtyoldempire.com\/?post_type=product&#038;p=176192"},"modified":"2026-04-16T02:17:53","modified_gmt":"2026-04-16T00:17:53","slug":"voivod-13-7-2026-vib","status":"publish","type":"product","link":"https:\/\/www.dirtyoldempire.com\/en\/product\/voivod-13-7-2026-vib\/","title":{"rendered":"VOIVOD, 13.7.2026. VIB"},"content":{"rendered":"","protected":false},"excerpt":{"rendered":"<p>Ulaznice za osobno preuzimanje mogu se preuzeti u du\u0107anu <span style=\"text-decoration: underline;\">nakon primitka maila<\/span> o spremnosti po\u0161iljke, a najkasnije jedan dan prije dana koncerta (do kraja radnog vremena). Nakon tog roka, ulaznice \u0107e biti mogu\u0107e podi\u0107i samo na ulazu. \/ Tickets for in-store pickup can be collected <span style=\"text-decoration: underline;\">after you receive an email notification<\/span> that your order is ready, and no later than one day before the concert (by the end of business hours). After this deadline, tickets will only be available for pickup at the venue entrance.<\/p>\n<p><strong>Ulaznice su isklju\u010divo u fizi\u010dkom obliku, nije ih mogu\u0107e dobiti u digitalnom formatu. \/ <b data-path-to-node=\"1\" data-index-in-node=\"0\">Tickets are available in hard copy format only; digital versions are not provided.<\/b><\/strong><\/p>\n<ul>\n<li>13.7.2026.<\/li>\n<li>18 \u20ac early bird \/ 21 \u20ac u pretprodaji\/ 25 \u20ac na dan<\/li>\n<li>Vintage Industrial Bar<\/li>\n<\/ul>\n","protected":false},"featured_media":176196,"template":"","meta":{"_acf_changed":false},"product_brand":[],"product_cat":[601],"product_tag":[],"class_list":{"0":"post-176192","1":"product","2":"type-product","3":"status-publish","4":"has-post-thumbnail","6":"product_cat-karte-en","7":"pa_is-featured-1-en","8":"pa_product-page-type-custom-en","9":"pa_socks-size-36-40-en","11":"first","12":"instock","13":"purchasable","14":"product-type-simple"},"acf":[],"_links":{"self":[{"href":"https:\/\/www.dirtyoldempire.com\/en\/wp-json\/wp\/v2\/product\/176192","targetHints":{"allow":["GET"]}}],"collection":[{"href":"https:\/\/www.dirtyoldempire.com\/en\/wp-json\/wp\/v2\/product"}],"about":[{"href":"https:\/\/www.dirtyoldempire.com\/en\/wp-json\/wp\/v2\/types\/product"}],"wp:featuredmedia":[{"embeddable":true,"href":"https:\/\/www.dirtyoldempire.com\/en\/wp-json\/wp\/v2\/media\/176196"}],"wp:attachment":[{"href":"https:\/\/www.dirtyoldempire.com\/en\/wp-json\/wp\/v2\/media?parent=176192"}],"wp:term":[{"taxonomy":"product_brand","embeddable":true,"href":"https:\/\/www.dirtyoldempire.com\/en\/wp-json\/wp\/v2\/product_brand?post=176192"},{"taxonomy":"product_cat","embeddable":true,"href":"https:\/\/www.dirtyoldempire.com\/en\/wp-json\/wp\/v2\/product_cat?post=176192"},{"taxonomy":"product_tag","embeddable":true,"href":"https:\/\/www.dirtyoldempire.com\/en\/wp-json\/wp\/v2\/product_tag?post=176192"}],"curies":[{"name":"wp","href":"https:\/\/api.w.org\/{rel}","templated":true}]}}