{"id":178871,"date":"2026-02-27T14:24:06","date_gmt":"2026-02-27T13:24:06","guid":{"rendered":"https:\/\/www.dirtyoldempire.com\/?post_type=product&#038;p=178871"},"modified":"2026-02-27T14:25:49","modified_gmt":"2026-02-27T13:25:49","slug":"leksikon-manje-priznatih-reci-i-izraza-daska-i-mlade-knjiga","status":"publish","type":"product","link":"https:\/\/www.dirtyoldempire.com\/en\/product\/leksikon-manje-priznatih-reci-i-izraza-daska-i-mlade-knjiga\/","title":{"rendered":"Leksikon manje priznatih re\u010di i izraza Da\u0161ka i Mla\u0111e KNJIGA"},"content":{"rendered":"","protected":false},"excerpt":{"rendered":"<p>Barcode: 9788681972137<\/p>\n<p>Format: Hardcopy<br \/>\nLanguage: Serbian<br \/>\nPublisher: Je\u017e<\/p>\n","protected":false},"featured_media":178875,"template":"","meta":{"_acf_changed":false},"product_brand":[],"product_cat":[615,606],"product_tag":[],"class_list":{"0":"post-178871","1":"product","2":"type-product","3":"status-publish","4":"has-post-thumbnail","6":"product_cat-knjige-casopisi-en","7":"product_cat-razno-en","8":"pa_is-featured-1-en","9":"pa_product-page-type-custom-en","11":"first","12":"instock","13":"purchasable","14":"product-type-simple"},"acf":[],"_links":{"self":[{"href":"https:\/\/www.dirtyoldempire.com\/en\/wp-json\/wp\/v2\/product\/178871","targetHints":{"allow":["GET"]}}],"collection":[{"href":"https:\/\/www.dirtyoldempire.com\/en\/wp-json\/wp\/v2\/product"}],"about":[{"href":"https:\/\/www.dirtyoldempire.com\/en\/wp-json\/wp\/v2\/types\/product"}],"wp:featuredmedia":[{"embeddable":true,"href":"https:\/\/www.dirtyoldempire.com\/en\/wp-json\/wp\/v2\/media\/178875"}],"wp:attachment":[{"href":"https:\/\/www.dirtyoldempire.com\/en\/wp-json\/wp\/v2\/media?parent=178871"}],"wp:term":[{"taxonomy":"product_brand","embeddable":true,"href":"https:\/\/www.dirtyoldempire.com\/en\/wp-json\/wp\/v2\/product_brand?post=178871"},{"taxonomy":"product_cat","embeddable":true,"href":"https:\/\/www.dirtyoldempire.com\/en\/wp-json\/wp\/v2\/product_cat?post=178871"},{"taxonomy":"product_tag","embeddable":true,"href":"https:\/\/www.dirtyoldempire.com\/en\/wp-json\/wp\/v2\/product_tag?post=178871"}],"curies":[{"name":"wp","href":"https:\/\/api.w.org\/{rel}","templated":true}]}}