{"id":180914,"date":"2026-03-26T16:09:00","date_gmt":"2026-03-26T15:09:00","guid":{"rendered":"https:\/\/www.dirtyoldempire.com\/?post_type=product&#038;p=180914"},"modified":"2026-03-27T10:00:08","modified_gmt":"2026-03-27T09:00:08","slug":"vrsnjacko-nasilje-vrsnjacko-nasilje-lp-cd","status":"publish","type":"product","link":"https:\/\/www.dirtyoldempire.com\/en\/product\/vrsnjacko-nasilje-vrsnjacko-nasilje-lp-cd\/","title":{"rendered":"VR\u0160NJA\u010cKO NASILJE &#8211; Vr\u0161nja\u010dko Nasilje LP\/CD"},"content":{"rendered":"","protected":false},"excerpt":{"rendered":"<p>Cat: dirty.060LP<br \/>\nLabel: dirty old LABEL<\/p>\n<p>Vinyl, LP, Album, bonus CD<\/p>\n","protected":false},"featured_media":180918,"template":"","meta":{"_acf_changed":false},"product_brand":[],"product_cat":[593,658,595,594],"product_tag":[],"class_list":{"0":"post-180914","1":"product","2":"type-product","3":"status-publish","4":"has-post-thumbnail","6":"product_cat-lp-en","7":"product_cat-label-doe-izdanja-en","8":"product_cat-vinyl-2-en","9":"product_cat-vinil-en","10":"pa_is-featured-1-en","11":"pa_product-page-type-custom-en","13":"first","14":"instock","15":"featured","16":"purchasable","17":"product-type-simple"},"acf":[],"_links":{"self":[{"href":"https:\/\/www.dirtyoldempire.com\/en\/wp-json\/wp\/v2\/product\/180914","targetHints":{"allow":["GET"]}}],"collection":[{"href":"https:\/\/www.dirtyoldempire.com\/en\/wp-json\/wp\/v2\/product"}],"about":[{"href":"https:\/\/www.dirtyoldempire.com\/en\/wp-json\/wp\/v2\/types\/product"}],"wp:featuredmedia":[{"embeddable":true,"href":"https:\/\/www.dirtyoldempire.com\/en\/wp-json\/wp\/v2\/media\/180918"}],"wp:attachment":[{"href":"https:\/\/www.dirtyoldempire.com\/en\/wp-json\/wp\/v2\/media?parent=180914"}],"wp:term":[{"taxonomy":"product_brand","embeddable":true,"href":"https:\/\/www.dirtyoldempire.com\/en\/wp-json\/wp\/v2\/product_brand?post=180914"},{"taxonomy":"product_cat","embeddable":true,"href":"https:\/\/www.dirtyoldempire.com\/en\/wp-json\/wp\/v2\/product_cat?post=180914"},{"taxonomy":"product_tag","embeddable":true,"href":"https:\/\/www.dirtyoldempire.com\/en\/wp-json\/wp\/v2\/product_tag?post=180914"}],"curies":[{"name":"wp","href":"https:\/\/api.w.org\/{rel}","templated":true}]}}