{"id":180916,"date":"2026-03-26T16:09:38","date_gmt":"2026-03-26T15:09:38","guid":{"rendered":"https:\/\/www.dirtyoldempire.com\/?post_type=product&#038;p=180916"},"modified":"2026-03-26T16:18:49","modified_gmt":"2026-03-26T15:18:49","slug":"vrsnjacko-nasilje-vrsnjacko-nasilje-cd","status":"publish","type":"product","link":"https:\/\/www.dirtyoldempire.com\/en\/product\/vrsnjacko-nasilje-vrsnjacko-nasilje-cd\/","title":{"rendered":"VR\u0160NJA\u010cKO NASILJE &#8211; Vr\u0161nja\u010dko Nasilje CD"},"content":{"rendered":"","protected":false},"excerpt":{"rendered":"<p>Cat: dirty.060CD<br \/>\nLabel: dirty old LABEL<\/p>\n<p>CD, Album<\/p>\n","protected":false},"featured_media":180918,"template":"","meta":{"_acf_changed":false},"product_brand":[],"product_cat":[597,662,598],"product_tag":[],"class_list":{"0":"post-180916","1":"product","2":"type-product","3":"status-publish","4":"has-post-thumbnail","6":"product_cat-cd-dvd-en","7":"product_cat-dirtyoldlabel-cd-en","8":"product_cat-cd-i-en","9":"pa_product-page-type-custom-en","11":"first","12":"instock","13":"featured","14":"purchasable","15":"product-type-simple"},"acf":[],"_links":{"self":[{"href":"https:\/\/www.dirtyoldempire.com\/en\/wp-json\/wp\/v2\/product\/180916","targetHints":{"allow":["GET"]}}],"collection":[{"href":"https:\/\/www.dirtyoldempire.com\/en\/wp-json\/wp\/v2\/product"}],"about":[{"href":"https:\/\/www.dirtyoldempire.com\/en\/wp-json\/wp\/v2\/types\/product"}],"wp:featuredmedia":[{"embeddable":true,"href":"https:\/\/www.dirtyoldempire.com\/en\/wp-json\/wp\/v2\/media\/180918"}],"wp:attachment":[{"href":"https:\/\/www.dirtyoldempire.com\/en\/wp-json\/wp\/v2\/media?parent=180916"}],"wp:term":[{"taxonomy":"product_brand","embeddable":true,"href":"https:\/\/www.dirtyoldempire.com\/en\/wp-json\/wp\/v2\/product_brand?post=180916"},{"taxonomy":"product_cat","embeddable":true,"href":"https:\/\/www.dirtyoldempire.com\/en\/wp-json\/wp\/v2\/product_cat?post=180916"},{"taxonomy":"product_tag","embeddable":true,"href":"https:\/\/www.dirtyoldempire.com\/en\/wp-json\/wp\/v2\/product_tag?post=180916"}],"curies":[{"name":"wp","href":"https:\/\/api.w.org\/{rel}","templated":true}]}}