{"id":180922,"date":"2026-03-26T16:20:10","date_gmt":"2026-03-26T15:20:10","guid":{"rendered":"https:\/\/www.dirtyoldempire.com\/?post_type=product&#038;p=180922"},"modified":"2026-03-26T16:22:32","modified_gmt":"2026-03-26T15:22:32","slug":"vrsnjacko-nasilje-vrsnjacko-nasilje-kaseta","status":"publish","type":"product","link":"https:\/\/www.dirtyoldempire.com\/en\/product\/vrsnjacko-nasilje-vrsnjacko-nasilje-kaseta\/","title":{"rendered":"VR\u0160NJA\u010cKO NASILJE &#8211; Vr\u0161nja\u010dko Nasilje KASETA"},"content":{"rendered":"","protected":false},"excerpt":{"rendered":"<p>Cat: dirty.060MC<br \/>\nLabel: dirty old LABEL<\/p>\n<p>Cassette, MC, Album<\/p>\n","protected":false},"featured_media":180918,"template":"","meta":{"_acf_changed":false},"product_brand":[],"product_cat":[657,597,662,762,763,764,815],"product_tag":[],"class_list":{"0":"post-180922","1":"product","2":"type-product","3":"status-publish","4":"has-post-thumbnail","6":"product_cat-kasete-en","7":"product_cat-cd-dvd-en","8":"product_cat-dirtyoldlabel-cd-en","9":"product_cat-cd-i-kasete-en","10":"product_cat-cd-i-kasete-cd-i-en","11":"product_cat-cd-i-kasete-kasete-en","12":"product_cat-kasete","13":"pa_product-page-type-custom-en","15":"first","16":"instock","17":"featured","18":"purchasable","19":"product-type-simple"},"acf":[],"_links":{"self":[{"href":"https:\/\/www.dirtyoldempire.com\/en\/wp-json\/wp\/v2\/product\/180922","targetHints":{"allow":["GET"]}}],"collection":[{"href":"https:\/\/www.dirtyoldempire.com\/en\/wp-json\/wp\/v2\/product"}],"about":[{"href":"https:\/\/www.dirtyoldempire.com\/en\/wp-json\/wp\/v2\/types\/product"}],"wp:featuredmedia":[{"embeddable":true,"href":"https:\/\/www.dirtyoldempire.com\/en\/wp-json\/wp\/v2\/media\/180918"}],"wp:attachment":[{"href":"https:\/\/www.dirtyoldempire.com\/en\/wp-json\/wp\/v2\/media?parent=180922"}],"wp:term":[{"taxonomy":"product_brand","embeddable":true,"href":"https:\/\/www.dirtyoldempire.com\/en\/wp-json\/wp\/v2\/product_brand?post=180922"},{"taxonomy":"product_cat","embeddable":true,"href":"https:\/\/www.dirtyoldempire.com\/en\/wp-json\/wp\/v2\/product_cat?post=180922"},{"taxonomy":"product_tag","embeddable":true,"href":"https:\/\/www.dirtyoldempire.com\/en\/wp-json\/wp\/v2\/product_tag?post=180922"}],"curies":[{"name":"wp","href":"https:\/\/api.w.org\/{rel}","templated":true}]}}