{"id":183783,"date":"2026-04-27T12:16:40","date_gmt":"2026-04-27T10:16:40","guid":{"rendered":"https:\/\/www.dirtyoldempire.com\/?post_type=product&#038;p=183783"},"modified":"2026-04-27T12:31:52","modified_gmt":"2026-04-27T10:31:52","slug":"laibach-musick-cd","status":"publish","type":"product","link":"https:\/\/www.dirtyoldempire.com\/en\/product\/laibach-musick-cd\/","title":{"rendered":"LAIBACH &#8211; Musick CD"},"content":{"rendered":"<p>Barcode: 5400863204204<br \/>\nLabel: Mute Records<\/p>\n<p>CD, Album<\/p>\n<p>&nbsp;<\/p>\n<p><strong>Proizvod je u fazi prednarud\u017ebe do datuma izlaska, 1. 5. 2026. U tom periodu, to\u010dnije do 30. 4. 2026., odobravamo 10% popusta na izdanje, a ako u narud\u017ebi bude i drugih artikala sve zajedno \u0161aljemo nakon izlaska albuma.<\/strong><\/p>\n<p><strong>The product is available for pre-order until the release date, May 1, 2026. During this period, specifically until April 30, 2026. we are giving a 10% discount on this product. If your order includes other items as well, everything will be shipped together after the album\u2019s release.<\/strong><\/p>\n","protected":false},"excerpt":{"rendered":"<p>The legendary Slovenian group\u2019s first original studio album since 2014&#8217;s <em>Spectre<\/em>, <strong><em>MUSICK<\/em><\/strong> &#8211; intensely pop, yet intensely <strong>Laibach<\/strong>.<\/p>\n<p>This record simultaneously celebrates and critiques the current era of warped reality and AI imitation. The title reflects a duality: an oversaturation, being &#8220;sick of music&#8221; in an age where over 100,000 new tracks, many AI-generated, are uploaded daily, making us question reality; and a &#8220;pathological devotion&#8221; that continues to drive the band.<\/p>\n<p>The maximalist creation process in their Ljubljana studio involved analogue synths, toys, computers with sound apps, and collaborators like <strong>Donna<\/strong> <strong>Marina M\u00e5rtensson<\/strong> and <strong>Richard X<\/strong>. They drew influences from K-pop, J-pop, and &#8217;90s Eurodance, yet maintained that their &#8220;primary influence and reference point remained Laibach itself.&#8221;<\/p>\n<p>Available via <strong>Mute<\/strong> on limited edition neon pink vinyl and CD.<\/p>\n","protected":false},"featured_media":183785,"template":"","meta":{"_acf_changed":false},"product_brand":[],"product_cat":[597,598,804],"product_tag":[],"class_list":{"0":"post-183783","1":"product","2":"type-product","3":"status-publish","4":"has-post-thumbnail","6":"product_cat-cd-dvd-en","7":"product_cat-cd-i-en","8":"product_cat-pre-orders-2","9":"pa_product-page-type-custom-en","11":"first","12":"instock","13":"sale","14":"purchasable","15":"product-type-simple"},"acf":[],"_links":{"self":[{"href":"https:\/\/www.dirtyoldempire.com\/en\/wp-json\/wp\/v2\/product\/183783","targetHints":{"allow":["GET"]}}],"collection":[{"href":"https:\/\/www.dirtyoldempire.com\/en\/wp-json\/wp\/v2\/product"}],"about":[{"href":"https:\/\/www.dirtyoldempire.com\/en\/wp-json\/wp\/v2\/types\/product"}],"wp:featuredmedia":[{"embeddable":true,"href":"https:\/\/www.dirtyoldempire.com\/en\/wp-json\/wp\/v2\/media\/183785"}],"wp:attachment":[{"href":"https:\/\/www.dirtyoldempire.com\/en\/wp-json\/wp\/v2\/media?parent=183783"}],"wp:term":[{"taxonomy":"product_brand","embeddable":true,"href":"https:\/\/www.dirtyoldempire.com\/en\/wp-json\/wp\/v2\/product_brand?post=183783"},{"taxonomy":"product_cat","embeddable":true,"href":"https:\/\/www.dirtyoldempire.com\/en\/wp-json\/wp\/v2\/product_cat?post=183783"},{"taxonomy":"product_tag","embeddable":true,"href":"https:\/\/www.dirtyoldempire.com\/en\/wp-json\/wp\/v2\/product_tag?post=183783"}],"curies":[{"name":"wp","href":"https:\/\/api.w.org\/{rel}","templated":true}]}}