{"id":183814,"date":"2026-04-27T15:48:29","date_gmt":"2026-04-27T13:48:29","guid":{"rendered":"https:\/\/www.dirtyoldempire.com\/?post_type=product&#038;p=183814"},"modified":"2026-04-27T15:50:35","modified_gmt":"2026-04-27T13:50:35","slug":"let-3-28-5-2026-vintage","status":"publish","type":"product","link":"https:\/\/www.dirtyoldempire.com\/en\/product\/let-3-28-5-2026-vintage\/","title":{"rendered":"LET 3, 28.5.2026. VINTAGE"},"content":{"rendered":"","protected":false},"excerpt":{"rendered":"<p>Ulaznice za osobno preuzimanje mogu se preuzeti u du\u0107anu <span style=\"text-decoration: underline;\">nakon primitka maila<\/span> o spremnosti po\u0161iljke, a najkasnije jedan dan prije dana koncerta (do kraja radnog vremena). Nakon tog roka, ulaznice \u0107e biti mogu\u0107e podi\u0107i samo na ulazu.<\/p>\n<p>Ulaznice su isklju\u010divo u fizi\u010dkom obliku, nije ih mogu\u0107e dobiti u digitalnom formatu.<\/p>\n<ul>\n<li>21.6.2026.<\/li>\n<li>17\u20ac u pretprodaji\/20\u20ac na dan<\/li>\n<li>Vintage Industrial Bar<\/li>\n<\/ul>\n","protected":false},"featured_media":183816,"template":"","meta":{"_acf_changed":false},"product_brand":[],"product_cat":[601],"product_tag":[],"class_list":{"0":"post-183814","1":"product","2":"type-product","3":"status-publish","4":"has-post-thumbnail","6":"product_cat-karte-en","7":"pa_is-featured-1-en","8":"pa_product-page-type-custom-en","9":"pa_socks-size-36-40-en","11":"first","12":"instock","13":"purchasable","14":"product-type-simple"},"acf":[],"_links":{"self":[{"href":"https:\/\/www.dirtyoldempire.com\/en\/wp-json\/wp\/v2\/product\/183814","targetHints":{"allow":["GET"]}}],"collection":[{"href":"https:\/\/www.dirtyoldempire.com\/en\/wp-json\/wp\/v2\/product"}],"about":[{"href":"https:\/\/www.dirtyoldempire.com\/en\/wp-json\/wp\/v2\/types\/product"}],"wp:featuredmedia":[{"embeddable":true,"href":"https:\/\/www.dirtyoldempire.com\/en\/wp-json\/wp\/v2\/media\/183816"}],"wp:attachment":[{"href":"https:\/\/www.dirtyoldempire.com\/en\/wp-json\/wp\/v2\/media?parent=183814"}],"wp:term":[{"taxonomy":"product_brand","embeddable":true,"href":"https:\/\/www.dirtyoldempire.com\/en\/wp-json\/wp\/v2\/product_brand?post=183814"},{"taxonomy":"product_cat","embeddable":true,"href":"https:\/\/www.dirtyoldempire.com\/en\/wp-json\/wp\/v2\/product_cat?post=183814"},{"taxonomy":"product_tag","embeddable":true,"href":"https:\/\/www.dirtyoldempire.com\/en\/wp-json\/wp\/v2\/product_tag?post=183814"}],"curies":[{"name":"wp","href":"https:\/\/api.w.org\/{rel}","templated":true}]}}