{"id":183842,"date":"2026-04-27T16:20:25","date_gmt":"2026-04-27T14:20:25","guid":{"rendered":"https:\/\/www.dirtyoldempire.com\/?post_type=product&#038;p=183842"},"modified":"2026-04-27T16:31:45","modified_gmt":"2026-04-27T14:31:45","slug":"polupani-loncic-pink-t-shirt","status":"publish","type":"product","link":"https:\/\/www.dirtyoldempire.com\/en\/product\/polupani-loncic-pink-t-shirt\/","title":{"rendered":"POLUPANI LON\u010cI\u0106 (pink) T-SHIRT"},"content":{"rendered":"","protected":false},"excerpt":{"rendered":"<p>&#8211; Mu\u0161ka, roza, Gildan<br \/>\n&#8211; Officially licensed<br \/>\n&#8211; Material: 100% Cotton<\/p>\n","protected":false},"featured_media":183849,"template":"","meta":{"_acf_changed":false},"product_brand":[],"product_cat":[620,622,621,623],"product_tag":[],"class_list":{"0":"post-183842","1":"product","2":"type-product","3":"status-publish","4":"has-post-thumbnail","6":"product_cat-bands-music-en","7":"product_cat-odjeca-2-en","8":"product_cat-muska-en","9":"product_cat-t-shirts-en","10":"pa_is-featured-1-en","11":"pa_product-page-type-custom-en","12":"pa_size-l-en","13":"pa_size-m-en","14":"pa_size-s-en","15":"pa_size-xl-en","16":"pa_size-xxl-en","18":"first","19":"instock","20":"purchasable","21":"product-type-variable"},"acf":[],"_links":{"self":[{"href":"https:\/\/www.dirtyoldempire.com\/en\/wp-json\/wp\/v2\/product\/183842","targetHints":{"allow":["GET"]}}],"collection":[{"href":"https:\/\/www.dirtyoldempire.com\/en\/wp-json\/wp\/v2\/product"}],"about":[{"href":"https:\/\/www.dirtyoldempire.com\/en\/wp-json\/wp\/v2\/types\/product"}],"wp:featuredmedia":[{"embeddable":true,"href":"https:\/\/www.dirtyoldempire.com\/en\/wp-json\/wp\/v2\/media\/183849"}],"wp:attachment":[{"href":"https:\/\/www.dirtyoldempire.com\/en\/wp-json\/wp\/v2\/media?parent=183842"}],"wp:term":[{"taxonomy":"product_brand","embeddable":true,"href":"https:\/\/www.dirtyoldempire.com\/en\/wp-json\/wp\/v2\/product_brand?post=183842"},{"taxonomy":"product_cat","embeddable":true,"href":"https:\/\/www.dirtyoldempire.com\/en\/wp-json\/wp\/v2\/product_cat?post=183842"},{"taxonomy":"product_tag","embeddable":true,"href":"https:\/\/www.dirtyoldempire.com\/en\/wp-json\/wp\/v2\/product_tag?post=183842"}],"curies":[{"name":"wp","href":"https:\/\/api.w.org\/{rel}","templated":true}]}}