{"id":184286,"date":"2026-05-06T13:50:30","date_gmt":"2026-05-06T11:50:30","guid":{"rendered":"https:\/\/www.dirtyoldempire.com\/?post_type=product&#038;p=184286"},"modified":"2026-05-06T13:52:37","modified_gmt":"2026-05-06T11:52:37","slug":"pop-up-kviz-karte-ljubav-igrace-karte","status":"publish","type":"product","link":"https:\/\/www.dirtyoldempire.com\/en\/product\/pop-up-kviz-karte-ljubav-igrace-karte\/","title":{"rendered":"Pop Up Kviz karte \u2013 Ljubav IGRA\u0106E KARTE"},"content":{"rendered":"","protected":false},"excerpt":{"rendered":"<p>\u0160pil Ljubav provjerit \u0107e va\u0161e znanje o ljubavi: koliko su ti poznate ljubavne pjesme, filmovi, knjige, slavni parovi, obi\u010daji<\/p>\n<p>U \u0161pilu prona\u0107i \u0107ete 42 karte sa vi\u0161e od 100 pitanja koja variraju od op\u0107epoznatih informacija do trivije poznate samo pravim znalcima.<\/p>\n<p>Proizvo\u0111a\u010d: Rockmark<\/p>\n","protected":false},"featured_media":184288,"template":"","meta":{"_acf_changed":false},"product_brand":[],"product_cat":[606,614],"product_tag":[],"class_list":{"0":"post-184286","1":"product","2":"type-product","3":"status-publish","4":"has-post-thumbnail","6":"product_cat-razno-en","7":"product_cat-other-stuff-en","8":"pa_is-featured-1-en","9":"pa_product-page-type-custom-en","11":"first","12":"instock","13":"purchasable","14":"product-type-simple"},"acf":[],"_links":{"self":[{"href":"https:\/\/www.dirtyoldempire.com\/en\/wp-json\/wp\/v2\/product\/184286","targetHints":{"allow":["GET"]}}],"collection":[{"href":"https:\/\/www.dirtyoldempire.com\/en\/wp-json\/wp\/v2\/product"}],"about":[{"href":"https:\/\/www.dirtyoldempire.com\/en\/wp-json\/wp\/v2\/types\/product"}],"wp:featuredmedia":[{"embeddable":true,"href":"https:\/\/www.dirtyoldempire.com\/en\/wp-json\/wp\/v2\/media\/184288"}],"wp:attachment":[{"href":"https:\/\/www.dirtyoldempire.com\/en\/wp-json\/wp\/v2\/media?parent=184286"}],"wp:term":[{"taxonomy":"product_brand","embeddable":true,"href":"https:\/\/www.dirtyoldempire.com\/en\/wp-json\/wp\/v2\/product_brand?post=184286"},{"taxonomy":"product_cat","embeddable":true,"href":"https:\/\/www.dirtyoldempire.com\/en\/wp-json\/wp\/v2\/product_cat?post=184286"},{"taxonomy":"product_tag","embeddable":true,"href":"https:\/\/www.dirtyoldempire.com\/en\/wp-json\/wp\/v2\/product_tag?post=184286"}],"curies":[{"name":"wp","href":"https:\/\/api.w.org\/{rel}","templated":true}]}}