{"id":184513,"date":"2026-05-08T12:08:28","date_gmt":"2026-05-08T10:08:28","guid":{"rendered":"https:\/\/www.dirtyoldempire.com\/?post_type=product&#038;p=184513"},"modified":"2026-05-08T12:32:31","modified_gmt":"2026-05-08T10:32:31","slug":"death-cab-for-cutie-i-built-you-a-tower-cd","status":"publish","type":"product","link":"https:\/\/www.dirtyoldempire.com\/en\/product\/death-cab-for-cutie-i-built-you-a-tower-cd\/","title":{"rendered":"DEATH CAB FOR CUTIE &#8211; I Built You A Tower CD"},"content":{"rendered":"<p>Death Cab for Cutie is one of the definitive indie-rock bands of the century. After twenty-odd years in the major label system, the band returned to their indie roots and signed with ANTI- Records and they&#8217;re back with a brand-new eleventh album titled, I Built You A Tower out June 5th. I Built You A Tower is the sound of loss, compartmentalization, and then grief bursting out from the seams. It&#8217;s also the sound of the growth that comes after falling apart, of acknowledging pain without letting it destroy you. &#8220;I see the tower existing on your emotional horizon,&#8221; Ben Gibbard states. &#8220;You don&#8217;t always have to look at what&#8217;s inside it, but it&#8217;s a reminder that it happened. You know it&#8217;s there. You have to face it.&#8221; The band is set to hit the road in the US this summer, kicking off on July 10 and includes a two-night run at The Greek in Los Angeles. This comes on the heels of a historic, sold-out global tour marking the 20th anniversary of the album Transatlanticism, and the release of their universally acclaimed, 2022&#8243;s Asphalt Meadow.<\/p>\n","protected":false},"excerpt":{"rendered":"<p>Label: Anti- Records<br \/>\nBarcode: 8714092817027<\/p>\n<p>CD, Album<\/p>\n<p><strong><br \/>\n<\/strong><strong>Proizvod je u fazi prednarud\u017ebe do datuma izlaska, 5. 6. 2026. U tom periodu, to\u010dnije do 4. 6. 2026., odobravamo 10% popusta na izdanje, a ako u narud\u017ebi bude i drugih artikala sve zajedno \u0161aljemo nakon izlaska albuma.<\/strong><\/p>\n<p><strong>The product is available for pre-order until the release date, June 5, 2026. During this period, specifically until June 4, 2026. we are giving a 10% discount on this product. If your order includes other items as well, everything will be shipped together after the album\u2019s release.<\/strong><\/p>\n","protected":false},"featured_media":184519,"template":"","meta":{"_acf_changed":false},"product_brand":[],"product_cat":[812,762,804],"product_tag":[],"class_list":{"0":"post-184513","1":"product","2":"type-product","3":"status-publish","4":"has-post-thumbnail","6":"product_cat-cd-i","7":"product_cat-cd-i-kasete-en","8":"product_cat-pre-orders-2","9":"pa_is-featured-1-en","10":"pa_product-page-type-custom-en","12":"first","13":"instock","14":"sale","15":"purchasable","16":"product-type-simple"},"acf":[],"_links":{"self":[{"href":"https:\/\/www.dirtyoldempire.com\/en\/wp-json\/wp\/v2\/product\/184513","targetHints":{"allow":["GET"]}}],"collection":[{"href":"https:\/\/www.dirtyoldempire.com\/en\/wp-json\/wp\/v2\/product"}],"about":[{"href":"https:\/\/www.dirtyoldempire.com\/en\/wp-json\/wp\/v2\/types\/product"}],"wp:featuredmedia":[{"embeddable":true,"href":"https:\/\/www.dirtyoldempire.com\/en\/wp-json\/wp\/v2\/media\/184519"}],"wp:attachment":[{"href":"https:\/\/www.dirtyoldempire.com\/en\/wp-json\/wp\/v2\/media?parent=184513"}],"wp:term":[{"taxonomy":"product_brand","embeddable":true,"href":"https:\/\/www.dirtyoldempire.com\/en\/wp-json\/wp\/v2\/product_brand?post=184513"},{"taxonomy":"product_cat","embeddable":true,"href":"https:\/\/www.dirtyoldempire.com\/en\/wp-json\/wp\/v2\/product_cat?post=184513"},{"taxonomy":"product_tag","embeddable":true,"href":"https:\/\/www.dirtyoldempire.com\/en\/wp-json\/wp\/v2\/product_tag?post=184513"}],"curies":[{"name":"wp","href":"https:\/\/api.w.org\/{rel}","templated":true}]}}