{"id":90439,"date":"2024-01-18T09:08:49","date_gmt":"2024-01-18T09:08:49","guid":{"rendered":"https:\/\/www.dirtyoldempire.com\/proizvod\/pop-up-kviz-karte-glazba-igrace-karte\/"},"modified":"2026-05-06T13:49:01","modified_gmt":"2026-05-06T11:49:01","slug":"pop-up-kviz-karte-glazba-igrace-karte","status":"publish","type":"product","link":"https:\/\/www.dirtyoldempire.com\/en\/product\/pop-up-kviz-karte-glazba-igrace-karte\/","title":{"rendered":"Pop Up Kviz karte \u2013 GLAZBA IGRA\u0106E KARTE"},"content":{"rendered":"","protected":false},"excerpt":{"rendered":"<p>U \u0161pilu se nalaze 42 karte sa 114 pitanja koja variraju od op\u0107epoznatih informacija do trivije poznate samo pravim znalcima.<\/p>\n","protected":false},"featured_media":90440,"template":"","meta":{"_acf_changed":false},"product_brand":[],"product_cat":[606,614],"product_tag":[],"class_list":{"0":"post-90439","1":"product","2":"type-product","3":"status-publish","4":"has-post-thumbnail","6":"product_cat-razno-en","7":"product_cat-other-stuff-en","8":"pa_is-featured-1-en","9":"pa_product-page-type-custom-en","11":"first","12":"instock","13":"purchasable","14":"product-type-simple"},"acf":[],"_links":{"self":[{"href":"https:\/\/www.dirtyoldempire.com\/en\/wp-json\/wp\/v2\/product\/90439","targetHints":{"allow":["GET"]}}],"collection":[{"href":"https:\/\/www.dirtyoldempire.com\/en\/wp-json\/wp\/v2\/product"}],"about":[{"href":"https:\/\/www.dirtyoldempire.com\/en\/wp-json\/wp\/v2\/types\/product"}],"wp:featuredmedia":[{"embeddable":true,"href":"https:\/\/www.dirtyoldempire.com\/en\/wp-json\/wp\/v2\/media\/90440"}],"wp:attachment":[{"href":"https:\/\/www.dirtyoldempire.com\/en\/wp-json\/wp\/v2\/media?parent=90439"}],"wp:term":[{"taxonomy":"product_brand","embeddable":true,"href":"https:\/\/www.dirtyoldempire.com\/en\/wp-json\/wp\/v2\/product_brand?post=90439"},{"taxonomy":"product_cat","embeddable":true,"href":"https:\/\/www.dirtyoldempire.com\/en\/wp-json\/wp\/v2\/product_cat?post=90439"},{"taxonomy":"product_tag","embeddable":true,"href":"https:\/\/www.dirtyoldempire.com\/en\/wp-json\/wp\/v2\/product_tag?post=90439"}],"curies":[{"name":"wp","href":"https:\/\/api.w.org\/{rel}","templated":true}]}}