{"id":93013,"date":"2025-09-24T13:34:17","date_gmt":"2025-09-24T11:34:17","guid":{"rendered":"https:\/\/www.dirtyoldempire.com\/?post_type=product&#038;p=93013"},"modified":"2025-09-24T13:34:17","modified_gmt":"2025-09-24T11:34:17","slug":"yin-and-yang-metal-pin","status":"publish","type":"product","link":"https:\/\/www.dirtyoldempire.com\/en\/product\/yin-and-yang-metal-pin\/","title":{"rendered":"YIN AND YANG METAL PIN"},"content":{"rendered":"<p>&#8211; max duljina zna\u010dke 2,5cm, max visina 1,8cm<\/p>\n<p>&#8211; u cijenu je uklju\u010dena jedna (1) zna\u010dka; birate koju \u017eelite kombinaciju boja<\/p>\n","protected":false},"excerpt":{"rendered":"<p>&#8211; metalna zna\u010dka<\/p>\n","protected":false},"featured_media":93014,"template":"","meta":{"_acf_changed":false},"product_brand":[],"product_cat":[669,604],"product_tag":[],"class_list":{"0":"post-93013","1":"product","2":"type-product","3":"status-publish","4":"has-post-thumbnail","6":"product_cat-metal-pins-en","7":"product_cat-werables-en","8":"pa_boja-crno-srebrna-znacka-en","9":"pa_boja-crveno-srebrna-znacka-en","10":"pa_product-page-type-custom-en","12":"first","13":"instock","14":"purchasable","15":"product-type-simple"},"acf":[],"_links":{"self":[{"href":"https:\/\/www.dirtyoldempire.com\/en\/wp-json\/wp\/v2\/product\/93013","targetHints":{"allow":["GET"]}}],"collection":[{"href":"https:\/\/www.dirtyoldempire.com\/en\/wp-json\/wp\/v2\/product"}],"about":[{"href":"https:\/\/www.dirtyoldempire.com\/en\/wp-json\/wp\/v2\/types\/product"}],"wp:featuredmedia":[{"embeddable":true,"href":"https:\/\/www.dirtyoldempire.com\/en\/wp-json\/wp\/v2\/media\/93014"}],"wp:attachment":[{"href":"https:\/\/www.dirtyoldempire.com\/en\/wp-json\/wp\/v2\/media?parent=93013"}],"wp:term":[{"taxonomy":"product_brand","embeddable":true,"href":"https:\/\/www.dirtyoldempire.com\/en\/wp-json\/wp\/v2\/product_brand?post=93013"},{"taxonomy":"product_cat","embeddable":true,"href":"https:\/\/www.dirtyoldempire.com\/en\/wp-json\/wp\/v2\/product_cat?post=93013"},{"taxonomy":"product_tag","embeddable":true,"href":"https:\/\/www.dirtyoldempire.com\/en\/wp-json\/wp\/v2\/product_tag?post=93013"}],"curies":[{"name":"wp","href":"https:\/\/api.w.org\/{rel}","templated":true}]}}