{"id":97790,"date":"2022-11-07T16:11:31","date_gmt":"2022-11-07T16:11:31","guid":{"rendered":"https:\/\/www.dirtyoldempire.com\/proizvod\/elektricni-orgazam-lisce-prekriva-lisabon-lp-169-00kn\/"},"modified":"2026-02-02T18:48:09","modified_gmt":"2026-02-02T17:48:09","slug":"elektricni-orgazam-lisce-prekriva-lisabon-lp-169-00kn","status":"publish","type":"product","link":"https:\/\/www.dirtyoldempire.com\/en\/product\/elektricni-orgazam-lisce-prekriva-lisabon-lp-169-00kn\/","title":{"rendered":"ELEKTRI\u010cNI ORGAZAM &#8211; Li\u0161\u0107e prekriva Lisabon LP"},"content":{"rendered":"<p>Nakon nekoliko novovalnih reizdanja koja su ostvarila rekordne brojke prodaje, uklju\u010duju\u0107i i prvi album Elektri\u010dnog orgazma (\u201cElektri\u010dni orgazam\u201d) do\u0161lo je vrijeme za jo\u0161 jedan kultni album iz njihove diskografije \u2013 \u201cLi\u0161\u0107e prekriva Lisabon\u201d. Album je objavljen 15. lipnja 1982. godine, a 40 godina nakon sti\u017ee u oboga\u0107enom reizdanju na 180-gramskom crnom vinilu i s popratnom knji\u017eicom u kojoj mo\u017eete prona\u0107i tekstove Sini\u0161e \u0160karice, Dragana Ambrozi\u0107a i Zorice Koji\u0107, te Aleksandra \u017diki\u0107a, kao i fotografije legendarnog Dragana Papi\u0107a, Ljubomira \u0110uki\u0107a te iz arhive Elektri\u010dnog orgazma i Croatia Recordsa. Vinil dolazi i uz bonus pjesmu, a to je dub verzija pjesme \u201cDokolica\u201d koja se savr\u0161eno koncepcijski uklapa za kraj samog albuma. Iza ove ideje stoji legendarni i dugogodi\u0161nji glavni urednik Jugotona i Croatia Recordsa, Sini\u0161a \u0160karica.<\/p>\n","protected":false},"excerpt":{"rendered":"<p>Barcode:  3850126120185<br \/>\nLabel: Croatia Records<\/p>\n","protected":false},"featured_media":97791,"template":"","meta":{"_acf_changed":false},"product_brand":[],"product_cat":[593,595,594],"product_tag":[],"class_list":{"0":"post-97790","1":"product","2":"type-product","3":"status-publish","4":"has-post-thumbnail","6":"product_cat-lp-en","7":"product_cat-vinyl-2-en","8":"product_cat-vinil-en","9":"pa_is-featured-1-en","10":"pa_product-page-type-custom-en","12":"first","13":"instock","14":"purchasable","15":"product-type-simple"},"acf":[],"_links":{"self":[{"href":"https:\/\/www.dirtyoldempire.com\/en\/wp-json\/wp\/v2\/product\/97790","targetHints":{"allow":["GET"]}}],"collection":[{"href":"https:\/\/www.dirtyoldempire.com\/en\/wp-json\/wp\/v2\/product"}],"about":[{"href":"https:\/\/www.dirtyoldempire.com\/en\/wp-json\/wp\/v2\/types\/product"}],"wp:featuredmedia":[{"embeddable":true,"href":"https:\/\/www.dirtyoldempire.com\/en\/wp-json\/wp\/v2\/media\/97791"}],"wp:attachment":[{"href":"https:\/\/www.dirtyoldempire.com\/en\/wp-json\/wp\/v2\/media?parent=97790"}],"wp:term":[{"taxonomy":"product_brand","embeddable":true,"href":"https:\/\/www.dirtyoldempire.com\/en\/wp-json\/wp\/v2\/product_brand?post=97790"},{"taxonomy":"product_cat","embeddable":true,"href":"https:\/\/www.dirtyoldempire.com\/en\/wp-json\/wp\/v2\/product_cat?post=97790"},{"taxonomy":"product_tag","embeddable":true,"href":"https:\/\/www.dirtyoldempire.com\/en\/wp-json\/wp\/v2\/product_tag?post=97790"}],"curies":[{"name":"wp","href":"https:\/\/api.w.org\/{rel}","templated":true}]}}