{"id":97849,"date":"2022-10-17T14:33:17","date_gmt":"2022-10-17T14:33:17","guid":{"rendered":"https:\/\/www.dirtyoldempire.com\/proizvod\/vjestice-vjestice-uzivo-u-kulusicu-su-to-bili-topovi-ili-lupa-moga-srca-lp\/"},"modified":"2022-10-17T14:33:17","modified_gmt":"2022-10-17T14:33:17","slug":"vjestice-vjestice-uzivo-u-kulusicu-su-to-bili-topovi-ili-lupa-moga-srca-lp","status":"publish","type":"product","link":"https:\/\/www.dirtyoldempire.com\/en\/product\/vjestice-vjestice-uzivo-u-kulusicu-su-to-bili-topovi-ili-lupa-moga-srca-lp\/","title":{"rendered":"VJE\u0160TICE &#8211; Vje\u0161tice U\u017eivo U Kulu\u0161i\u0107u \u2022 \u2026Su To Bili Topovi Ili Lupa Moga Srca\u2026 LP"},"content":{"rendered":"","protected":false},"excerpt":{"rendered":"<p>Barcode: 3858885923054<br \/>Label: Dallas Records<\/p>\n<p>2 x Vinyl, LP<\/p>\n","protected":false},"featured_media":97850,"template":"","meta":{"_acf_changed":false},"product_brand":[],"product_cat":[593,595,594],"product_tag":[],"class_list":{"0":"post-97849","1":"product","2":"type-product","3":"status-publish","4":"has-post-thumbnail","6":"product_cat-lp-en","7":"product_cat-vinyl-2-en","8":"product_cat-vinil-en","9":"pa_is-featured-1-en","10":"pa_product-page-type-custom-en","12":"first","13":"instock","14":"purchasable","15":"product-type-simple"},"acf":[],"_links":{"self":[{"href":"https:\/\/www.dirtyoldempire.com\/en\/wp-json\/wp\/v2\/product\/97849","targetHints":{"allow":["GET"]}}],"collection":[{"href":"https:\/\/www.dirtyoldempire.com\/en\/wp-json\/wp\/v2\/product"}],"about":[{"href":"https:\/\/www.dirtyoldempire.com\/en\/wp-json\/wp\/v2\/types\/product"}],"wp:featuredmedia":[{"embeddable":true,"href":"https:\/\/www.dirtyoldempire.com\/en\/wp-json\/wp\/v2\/media\/97850"}],"wp:attachment":[{"href":"https:\/\/www.dirtyoldempire.com\/en\/wp-json\/wp\/v2\/media?parent=97849"}],"wp:term":[{"taxonomy":"product_brand","embeddable":true,"href":"https:\/\/www.dirtyoldempire.com\/en\/wp-json\/wp\/v2\/product_brand?post=97849"},{"taxonomy":"product_cat","embeddable":true,"href":"https:\/\/www.dirtyoldempire.com\/en\/wp-json\/wp\/v2\/product_cat?post=97849"},{"taxonomy":"product_tag","embeddable":true,"href":"https:\/\/www.dirtyoldempire.com\/en\/wp-json\/wp\/v2\/product_tag?post=97849"}],"curies":[{"name":"wp","href":"https:\/\/api.w.org\/{rel}","templated":true}]}}